{"id":16964,"date":"2025-07-15T11:23:36","date_gmt":"2025-07-15T18:23:36","guid":{"rendered":"https:\/\/ssg.coop\/essaye-de-chris\/"},"modified":"2025-07-15T11:28:32","modified_gmt":"2025-07-15T18:28:32","slug":"essaye-de-chris","status":"publish","type":"page","link":"https:\/\/ssg.coop\/fr\/essaye-de-chris\/","title":{"rendered":"Essaye de Chris"},"content":{"rendered":"<div class=\"wp-block-group ssg-image-card \">\n\t<figure class=\"wp-block-image size-ssg-image-card mb-2 xl:mb-4 rounded-xl\">\n\t\t<a href=\"https:\/\/ssg.coop\/fr\/service\/planification-de-lattenuation-des-changements-climatiques\/\">\n\t\t\t<img loading=\"lazy\" decoding=\"async\" width=\"500\" height=\"500\" src=\"https:\/\/ssg.coop\/wp-content\/uploads\/2024\/04\/SSG_Website_003-500x500.jpg\" class=\"attachment-ssg-image-card size-ssg-image-card\" alt=\"\" srcset=\"https:\/\/ssg.coop\/wp-content\/uploads\/2024\/04\/SSG_Website_003-500x500.jpg 500w, https:\/\/ssg.coop\/wp-content\/uploads\/2024\/04\/SSG_Website_003-150x150.jpg 150w, https:\/\/ssg.coop\/wp-content\/uploads\/2024\/04\/SSG_Website_003-300x300.jpg 300w, https:\/\/ssg.coop\/wp-content\/uploads\/2024\/04\/SSG_Website_003-56x56.jpg 56w\" sizes=\"auto, (max-width: 500px) 100vw, 500px\" \/>\t\t<\/a>\n\t<\/figure>\n\n\t<h5 class=\"wp-block-heading font-classic-bold\">\n\t\t<a href=\"https:\/\/ssg.coop\/fr\/service\/planification-de-lattenuation-des-changements-climatiques\/\" class=\"!no-underline hover:!underline\">\n\t\t\tPlanification de l\u2019att\u00e9nuation des changements climatiques\t\t<\/a>\n\t<\/h5>\n\n\t<p class=\"text-xs leading-xs xl:text-xl xl:leading-xl\">\n\t\tNous travaillons avec nos clients pour les aider \u00e0 composer avec la complexit\u00e9 des changements climatiques. En collaboration avec eux, nous identifions des solutions destin\u00e9es \u00e0 r\u00e9duire les \u00e9missions de gaz \u00e0 effet de serre tout en am\u00e9liorant la qualit\u00e9 de vie. \t<\/p>\n<\/div>\n\n\n\n\n\n<div class=\"wp-block-group ssg-image-card \">\n\t<figure class=\"wp-block-image size-ssg-image-card mb-2 xl:mb-4 rounded-xl\">\n\t\t<a href=\"https:\/\/ssg.coop\/service\/engagement\/\">\n\t\t\t\t\t<\/a>\n\t<\/figure>\n\n\t<h5 class=\"wp-block-heading font-classic-bold\">\n\t\t<a href=\"https:\/\/ssg.coop\/service\/engagement\/\" class=\"!no-underline hover:!underline\">\n\t\t\tPublic Engagement (Participation)\t\t<\/a>\n\t<\/h5>\n\n\t<p class=\"text-xs leading-xs xl:text-xl xl:leading-xl\">\n\t\tMake in-person and virtual engagement meaningful and useful for everyone involved with our expert tools and techniques.\t<\/p>\n<\/div>\n\n\n\n<div class=\"wp-block-group ssg-image-card \">\n\t<figure class=\"wp-block-image size-ssg-image-card mb-2 xl:mb-4 rounded-xl\">\n\t\t<a href=\"https:\/\/ssg.coop\/fr\/service\/mise-en-oeuvre-de-plans-climat\/\">\n\t\t\t<img loading=\"lazy\" decoding=\"async\" width=\"500\" height=\"500\" src=\"https:\/\/ssg.coop\/wp-content\/uploads\/2024\/04\/L.Wisconsin.Adobe379870634-3-500x500.jpg\" class=\"attachment-ssg-image-card size-ssg-image-card\" alt=\"\" srcset=\"https:\/\/ssg.coop\/wp-content\/uploads\/2024\/04\/L.Wisconsin.Adobe379870634-3-500x500.jpg 500w, https:\/\/ssg.coop\/wp-content\/uploads\/2024\/04\/L.Wisconsin.Adobe379870634-3-150x150.jpg 150w, https:\/\/ssg.coop\/wp-content\/uploads\/2024\/04\/L.Wisconsin.Adobe379870634-3-300x300.jpg 300w, https:\/\/ssg.coop\/wp-content\/uploads\/2024\/04\/L.Wisconsin.Adobe379870634-3-56x56.jpg 56w\" sizes=\"auto, (max-width: 500px) 100vw, 500px\" \/>\t\t<\/a>\n\t<\/figure>\n\n\t<h5 class=\"wp-block-heading font-classic-bold\">\n\t\t<a href=\"https:\/\/ssg.coop\/fr\/service\/mise-en-oeuvre-de-plans-climat\/\" class=\"!no-underline hover:!underline\">\n\t\t\tMise en \u0153uvre de plans climat\t\t<\/a>\n\t<\/h5>\n\n\t<p class=\"text-xs leading-xs xl:text-xl xl:leading-xl\">\n\t\tNous aidons notre client\u00e8le \u00e0 transformer les modes de vie, de d\u00e9placements, de travail et les habitudes de consommation des communaut\u00e9s gr\u00e2ce \u00e0 des mesures moins polluantes et plus b\u00e9n\u00e9fiques pour la sant\u00e9.\t<\/p>\n<\/div>\n\n\n\n<div class=\"wp-block-group ssg-image-card \">\n\t<figure class=\"wp-block-image size-ssg-image-card mb-2 xl:mb-4 rounded-xl\">\n\t\t<a href=\"https:\/\/ssg.coop\/fr\/service\/budget-carbone-et-comptabilisation-des-emissions-de-ges\/\">\n\t\t\t<img loading=\"lazy\" decoding=\"async\" width=\"500\" height=\"500\" src=\"https:\/\/ssg.coop\/wp-content\/uploads\/2024\/09\/A.EdmontonDarbyPUnsplash-500x500.jpg\" class=\"attachment-ssg-image-card size-ssg-image-card\" alt=\"\" srcset=\"https:\/\/ssg.coop\/wp-content\/uploads\/2024\/09\/A.EdmontonDarbyPUnsplash-500x500.jpg 500w, https:\/\/ssg.coop\/wp-content\/uploads\/2024\/09\/A.EdmontonDarbyPUnsplash-300x300.jpg 300w, https:\/\/ssg.coop\/wp-content\/uploads\/2024\/09\/A.EdmontonDarbyPUnsplash-1024x1024.jpg 1024w, https:\/\/ssg.coop\/wp-content\/uploads\/2024\/09\/A.EdmontonDarbyPUnsplash-150x150.jpg 150w, https:\/\/ssg.coop\/wp-content\/uploads\/2024\/09\/A.EdmontonDarbyPUnsplash-768x768.jpg 768w, https:\/\/ssg.coop\/wp-content\/uploads\/2024\/09\/A.EdmontonDarbyPUnsplash-1536x1536.jpg 1536w, https:\/\/ssg.coop\/wp-content\/uploads\/2024\/09\/A.EdmontonDarbyPUnsplash-56x56.jpg 56w, https:\/\/ssg.coop\/wp-content\/uploads\/2024\/09\/A.EdmontonDarbyPUnsplash.jpg 1800w\" sizes=\"auto, (max-width: 500px) 100vw, 500px\" \/>\t\t<\/a>\n\t<\/figure>\n\n\t<h5 class=\"wp-block-heading font-classic-bold\">\n\t\t<a href=\"https:\/\/ssg.coop\/fr\/service\/budget-carbone-et-comptabilisation-des-emissions-de-ges\/\" class=\"!no-underline hover:!underline\">\n\t\t\tBudget carbone et comptabilisation des \u00e9missions de GES\t\t<\/a>\n\t<\/h5>\n\n\t<p class=\"text-xs leading-xs xl:text-xl xl:leading-xl\">\n\t\tNos cadres de comptabilisation des \u00e9missions constituent de puissants outils pour int\u00e9grer la question du climat au processus d\u00e9cisionnel. \t<\/p>\n<\/div>\n\n\n\n<div class=\"wp-block-group ssg-image-card \">\n\t<figure class=\"wp-block-image size-ssg-image-card mb-2 xl:mb-4 rounded-xl\">\n\t\t<a href=\"https:\/\/ssg.coop\/fr\/service\/planification-de-ladaptation-au-climat\/\">\n\t\t\t<img loading=\"lazy\" decoding=\"async\" width=\"500\" height=\"500\" src=\"https:\/\/ssg.coop\/wp-content\/uploads\/2024\/04\/SSG_Website_006-1-500x500.jpg\" class=\"attachment-ssg-image-card size-ssg-image-card\" alt=\"\" srcset=\"https:\/\/ssg.coop\/wp-content\/uploads\/2024\/04\/SSG_Website_006-1-500x500.jpg 500w, https:\/\/ssg.coop\/wp-content\/uploads\/2024\/04\/SSG_Website_006-1-150x150.jpg 150w, https:\/\/ssg.coop\/wp-content\/uploads\/2024\/04\/SSG_Website_006-1-300x300.jpg 300w, https:\/\/ssg.coop\/wp-content\/uploads\/2024\/04\/SSG_Website_006-1-56x56.jpg 56w\" sizes=\"auto, (max-width: 500px) 100vw, 500px\" \/>\t\t<\/a>\n\t<\/figure>\n\n\t<h5 class=\"wp-block-heading font-classic-bold\">\n\t\t<a href=\"https:\/\/ssg.coop\/fr\/service\/planification-de-ladaptation-au-climat\/\" class=\"!no-underline hover:!underline\">\n\t\t\tPlanification de l&rsquo;adaptation au climat\t\t<\/a>\n\t<\/h5>\n\n\t<p class=\"text-xs leading-xs xl:text-xl xl:leading-xl\">\n\t\tNous cherchons \u00e0 d\u00e9terminer comment les ph\u00e9nom\u00e8nes m\u00e9t\u00e9orologiques extr\u00eames et les autres al\u00e9as climatiques se r\u00e9percuteront sur les collectivit\u00e9s, de m\u00eame qu\u2019\u00e0 collaborer \u00e0 la cr\u00e9ation de solutions pour pr\u00e9venir les dommages et sauver des vies. \t<\/p>\n<\/div>\n\n\n\n<div class=\"wp-block-group ssg-image-card \">\n\t<figure class=\"wp-block-image size-ssg-image-card mb-2 xl:mb-4 rounded-xl\">\n\t\t<a href=\"https:\/\/ssg.coop\/fr\/service\/inventaire-des-emissions-de-gaz-a-effet-de-serre\/\">\n\t\t\t<img loading=\"lazy\" decoding=\"async\" width=\"500\" height=\"500\" src=\"https:\/\/ssg.coop\/wp-content\/uploads\/2024\/04\/SSG_Website_016-500x500.jpg\" class=\"attachment-ssg-image-card size-ssg-image-card\" alt=\"\" srcset=\"https:\/\/ssg.coop\/wp-content\/uploads\/2024\/04\/SSG_Website_016-500x500.jpg 500w, https:\/\/ssg.coop\/wp-content\/uploads\/2024\/04\/SSG_Website_016-150x150.jpg 150w, https:\/\/ssg.coop\/wp-content\/uploads\/2024\/04\/SSG_Website_016-300x300.jpg 300w, https:\/\/ssg.coop\/wp-content\/uploads\/2024\/04\/SSG_Website_016-56x56.jpg 56w\" sizes=\"auto, (max-width: 500px) 100vw, 500px\" \/>\t\t<\/a>\n\t<\/figure>\n\n\t<h5 class=\"wp-block-heading font-classic-bold\">\n\t\t<a href=\"https:\/\/ssg.coop\/fr\/service\/inventaire-des-emissions-de-gaz-a-effet-de-serre\/\" class=\"!no-underline hover:!underline\">\n\t\t\tInventaire des \u00e9missions de gaz \u00e0 effet de serre\t\t<\/a>\n\t<\/h5>\n\n\t<p class=\"text-xs leading-xs xl:text-xl xl:leading-xl\">\n\t\tNous accompagnons nos clients pour faire le bilan de leurs \u00e9missions de gaz \u00e0 effet de serre (GES) &#8211; le premier pas pour lutter contre les changements climatiques. \t<\/p>\n<\/div>\n\n\n\n<div class=\"wp-block-group ssg-image-card \">\n\t<figure class=\"wp-block-image size-ssg-image-card mb-2 xl:mb-4 rounded-xl\">\n\t\t<a href=\"https:\/\/ssg.coop\/fr\/service\/modelisation-de-scenarios\/\">\n\t\t\t<img loading=\"lazy\" decoding=\"async\" width=\"304\" height=\"304\" src=\"https:\/\/ssg.coop\/wp-content\/uploads\/2024\/04\/SSG_Imagery_Test_006-1.jpg\" class=\"attachment-ssg-image-card size-ssg-image-card\" alt=\"\" srcset=\"https:\/\/ssg.coop\/wp-content\/uploads\/2024\/04\/SSG_Imagery_Test_006-1.jpg 304w, https:\/\/ssg.coop\/wp-content\/uploads\/2024\/04\/SSG_Imagery_Test_006-1-300x300.jpg 300w, https:\/\/ssg.coop\/wp-content\/uploads\/2024\/04\/SSG_Imagery_Test_006-1-56x56.jpg 56w, https:\/\/ssg.coop\/wp-content\/uploads\/2024\/04\/SSG_Imagery_Test_006-1-150x150.jpg 150w\" sizes=\"auto, (max-width: 304px) 100vw, 304px\" \/>\t\t<\/a>\n\t<\/figure>\n\n\t<h5 class=\"wp-block-heading font-classic-bold\">\n\t\t<a href=\"https:\/\/ssg.coop\/fr\/service\/modelisation-de-scenarios\/\" class=\"!no-underline hover:!underline\">\n\t\t\tMod\u00e9lisation de sc\u00e9narios\t\t<\/a>\n\t<\/h5>\n\n\t<p class=\"text-xs leading-xs xl:text-xl xl:leading-xl\">\n\t\tGr\u00e2ce aux services de mod\u00e9lisation de sc\u00e9narios de SSG, les collectivit\u00e9s peuvent comprendre les implications \u00e0 long terme d\u2019\u00e9ventuelles mesures et politiques destin\u00e9es \u00e0 r\u00e9duire la pollution et \u00e0 se pr\u00e9parer \u00e0 des conditions m\u00e9t\u00e9orologiques extr\u00eames. \t<\/p>\n<\/div>\n\n\n\n<div class=\"wp-block-group ssg-image-card \">\n\t<figure class=\"wp-block-image size-ssg-image-card mb-2 xl:mb-4 rounded-xl\">\n\t\t<a href=\"https:\/\/ssg.coop\/project\/tacoma-ghg-inventory-and-climate-environmental-plan\/\">\n\t\t\t<img loading=\"lazy\" decoding=\"async\" width=\"500\" height=\"500\" src=\"https:\/\/ssg.coop\/wp-content\/uploads\/2025\/06\/Tacoma-500x500.jpg\" class=\"attachment-ssg-image-card size-ssg-image-card\" alt=\"\" srcset=\"https:\/\/ssg.coop\/wp-content\/uploads\/2025\/06\/Tacoma-500x500.jpg 500w, https:\/\/ssg.coop\/wp-content\/uploads\/2025\/06\/Tacoma-150x150.jpg 150w, https:\/\/ssg.coop\/wp-content\/uploads\/2025\/06\/Tacoma-300x300.jpg 300w, https:\/\/ssg.coop\/wp-content\/uploads\/2025\/06\/Tacoma-56x56.jpg 56w\" sizes=\"auto, (max-width: 500px) 100vw, 500px\" \/>\t\t<\/a>\n\t<\/figure>\n\n\t<h5 class=\"wp-block-heading font-classic-bold\">\n\t\t<a href=\"https:\/\/ssg.coop\/project\/tacoma-ghg-inventory-and-climate-environmental-plan\/\" class=\"!no-underline hover:!underline\">\n\t\t\tTacoma GHG Inventory and Climate Environmental Plan\t\t<\/a>\n\t<\/h5>\n\n\t<p class=\"text-xs leading-xs xl:text-xl xl:leading-xl\">\n\t\tThe Problem In 2019, Tacoma City Council and Tacoma Public Utilities declared a climate emergency and committed to net-zero community emissions by 2050. They tasked SSG with taking stock of the community\u2019s greenhouse gas emissions and helping Tacoma figure out how to reach its goal. The Problem How can Tacoma meet its climate targets as<a href=\"https:\/\/ssg.coop\/fr\/essaye-de-chris\/\">Continuer la lecture <span class=\"sr-only\">\u00ab\u00a0Essaye de Chris\u00a0\u00bb<\/span><\/a>\t<\/p>\n<\/div>\n\n","protected":false},"excerpt":{"rendered":"","protected":false},"author":1,"featured_media":0,"parent":0,"menu_order":0,"comment_status":"closed","ping_status":"closed","template":"","meta":{"_acf_changed":false,"om_disable_all_campaigns":false,"inline_featured_image":false,"_monsterinsights_skip_tracking":false,"_monsterinsights_sitenote_active":false,"_monsterinsights_sitenote_note":"","_monsterinsights_sitenote_category":0,"footnotes":""},"class_list":["post-16964","page","type-page","status-publish","hentry"],"acf":[],"aioseo_notices":[],"_links":{"self":[{"href":"https:\/\/ssg.coop\/fr\/wp-json\/wp\/v2\/pages\/16964","targetHints":{"allow":["GET"]}}],"collection":[{"href":"https:\/\/ssg.coop\/fr\/wp-json\/wp\/v2\/pages"}],"about":[{"href":"https:\/\/ssg.coop\/fr\/wp-json\/wp\/v2\/types\/page"}],"author":[{"embeddable":true,"href":"https:\/\/ssg.coop\/fr\/wp-json\/wp\/v2\/users\/1"}],"replies":[{"embeddable":true,"href":"https:\/\/ssg.coop\/fr\/wp-json\/wp\/v2\/comments?post=16964"}],"version-history":[{"count":2,"href":"https:\/\/ssg.coop\/fr\/wp-json\/wp\/v2\/pages\/16964\/revisions"}],"predecessor-version":[{"id":16968,"href":"https:\/\/ssg.coop\/fr\/wp-json\/wp\/v2\/pages\/16964\/revisions\/16968"}],"wp:attachment":[{"href":"https:\/\/ssg.coop\/fr\/wp-json\/wp\/v2\/media?parent=16964"}],"curies":[{"name":"wp","href":"https:\/\/api.w.org\/{rel}","templated":true}]}}