{"id":16184,"date":"2024-04-24T06:27:09","date_gmt":"2024-04-24T13:27:09","guid":{"rendered":"https:\/\/ssg.coop\/rejoignez-notre-equipe\/"},"modified":"2025-11-14T16:23:51","modified_gmt":"2025-11-15T00:23:51","slug":"rejoignez-notre-equipe","status":"publish","type":"page","link":"https:\/\/ssg.coop\/fr\/rejoignez-notre-equipe\/","title":{"rendered":"Rejoignez notre \u00e9quipe"},"content":{"rendered":"\n<div class=\"wp-block-group is-layout-constrained wp-block-group-is-layout-constrained\"><h1 class=\"wp-block-post-title\">Rejoignez notre \u00e9quipe<\/h1>\n\n<div  class=\"ssg-spacer h-8 xl:h-16 \"><\/div>\n\n\n\n<div class=\"wp-block-buttons is-layout-flex wp-block-buttons-is-layout-flex\">\n<div class=\"wp-block-button is-style-outline is-style-outline--1\"><a class=\"wp-block-button__link has-background-background-color has-background wp-element-button\" href=\"#vacancies\">Voir les offres d\u2019emploi <\/a><\/div>\n<\/div>\n<\/div>\n\n\n<div  class=\"ssg-spacer h-16 xl:h-24 \"><\/div>\n\n\n\n<div class=\"wp-block-group is-layout-constrained wp-block-group-is-layout-constrained\">\n<figure class=\"wp-block-image size-full is-style-rounded\"><img loading=\"lazy\" decoding=\"async\" width=\"2073\" height=\"614\" src=\"https:\/\/ssg.coop\/wp-content\/uploads\/2023\/08\/IMG_6826-2-scaled-e1691003355445-1.jpg\" alt=\"\" class=\"wp-image-9301\" srcset=\"https:\/\/ssg.coop\/wp-content\/uploads\/2023\/08\/IMG_6826-2-scaled-e1691003355445-1.jpg 2073w, https:\/\/ssg.coop\/wp-content\/uploads\/2023\/08\/IMG_6826-2-scaled-e1691003355445-1-300x89.jpg 300w, https:\/\/ssg.coop\/wp-content\/uploads\/2023\/08\/IMG_6826-2-scaled-e1691003355445-1-768x227.jpg 768w, https:\/\/ssg.coop\/wp-content\/uploads\/2023\/08\/IMG_6826-2-scaled-e1691003355445-1-1024x303.jpg 1024w, https:\/\/ssg.coop\/wp-content\/uploads\/2023\/08\/IMG_6826-2-scaled-e1691003355445-1-1536x455.jpg 1536w, https:\/\/ssg.coop\/wp-content\/uploads\/2023\/08\/IMG_6826-2-scaled-e1691003355445-1-2048x607.jpg 2048w\" sizes=\"auto, (max-width: 2073px) 100vw, 2073px\" \/><\/figure>\n<\/div>\n\n\n<div  class=\"ssg-spacer h-16 xl:h-24 \"><\/div>\n\n\n\n<div class=\"wp-block-group ssg-two-column-heading-text is-layout-constrained wp-block-group-is-layout-constrained\">\n<div class=\"wp-block-columns is-layout-flex wp-container-core-columns-is-layout-9d6595d7 wp-block-columns-is-layout-flex\">\n<div class=\"wp-block-column !mb-4 xl:!mb-0 pl-2 xl:pl-4 border-l-solid border-l-foreground border-l dark:border-l-background is-layout-flow wp-block-column-is-layout-flow\" style=\"flex-basis:33%\">\n<h2 class=\"wp-block-heading m-0\">Ce que nous faisons<\/h2>\n<\/div>\n\n\n\n<div class=\"wp-block-column is-layout-constrained wp-block-column-is-layout-constrained\">\n<div class=\"wp-block-group pl-2 xl:pl-4 border-l-solid border-l-foreground border-l dark:border-l-background is-layout-flow wp-block-group-is-layout-flow\">\n<p class=\"has-ssg-4-xl-font-size\">SSG est une entreprise conseil en planification climatique reconnue qui \u0153uvre \u00e0 cr\u00e9er un monde d\u00e9carbon\u00e9 o\u00f9 les personnes et les \u00e9cosyst\u00e8mes peuvent s\u2019\u00e9panouir. <\/p>\n<\/div>\n<\/div>\n<\/div>\n<\/div>\n\n\n<div  class=\"ssg-spacer h-16 xl:h-24 \"><\/div>\n\n\n\n<section class=\"wp-block-group ssg-container has-ssg-grey-100-background-color has-background is-layout-flow wp-block-group-is-layout-flow\"><div  class=\"ssg-spacer h-16 xl:h-24 \"><\/div>\n\n\n\n<div class=\"wp-block-group ssg-quotation-left-aligned font-classic is-layout-constrained wp-block-group-is-layout-constrained\">\n<p class=\"has-text-align-left has-ssg-6-xl-font-size\">Chez SSG, les questions environnementales sont la base m\u00eame de l\u2019organisation. Elles dictent tant la nature des projets de l\u2019entreprise que ses orientations et ses pratiques internes.<\/p>\n\n\n\n<p class=\"has-text-align-right leading-5xl has-ssg-4-xl-font-size\"><em><a href=\"https:\/\/www.emerald.com\/insight\/publication\/doi\/10.1108\/9781838678258\" target=\"_blank\" rel=\"noopener\" title=\"\">Cooperatives at Work (2023)<\/a><\/em><\/p>\n<\/div>\n\n\n<div  class=\"ssg-spacer h-16 xl:h-24 \"><\/div>\n<\/section>\n\n\n<div  class=\"ssg-spacer h-16 xl:h-32 \"><\/div>\n\n\n\n<div class=\"wp-block-group ssg-two-column-heading-text is-layout-constrained wp-block-group-is-layout-constrained\">\n<div class=\"wp-block-columns is-layout-flex wp-container-core-columns-is-layout-9d6595d7 wp-block-columns-is-layout-flex\">\n<div class=\"wp-block-column !mb-4 xl:!mb-0 pl-2 xl:pl-4 border-l-solid border-l-foreground border-l dark:border-l-background is-layout-flow wp-block-column-is-layout-flow\" style=\"flex-basis:33%\">\n<h2 class=\"wp-block-heading m-0\">IDEA<\/h2>\n<\/div>\n\n\n\n<div class=\"wp-block-column is-layout-constrained wp-block-column-is-layout-constrained\">\n<div class=\"wp-block-group pl-2 xl:pl-4 border-l-solid border-l-foreground border-l dark:border-l-background is-layout-flow wp-block-group-is-layout-flow\">\n<p class=\"has-ssg-4-xl-font-size\">SSG est r\u00e9solu \u00e0 cultiver un milieu de travail inclusif, diversifi\u00e9, \u00e9quitable et accessible (IDEA).<\/p>\n<\/div>\n<\/div>\n<\/div>\n<\/div>\n\n\n<div  class=\"ssg-spacer h-16 xl:h-24 \"><\/div>\n\n\n\n<section class=\"wp-block-group ssg-offset-two-column-text-image is-layout-constrained wp-block-group-is-layout-constrained\">\n<div class=\"wp-block-columns gap-8 is-layout-flex wp-container-core-columns-is-layout-9d6595d7 wp-block-columns-is-layout-flex\">\n<div class=\"wp-block-column is-layout-flow wp-block-column-is-layout-flow\">\n<p class=\"font-classic has-ssg-3-xl-font-size\">Notre personnel a droit \u00e0 un milieu de travail inclusif o\u00f9 chaque personne est trait\u00e9e avec respect et dignit\u00e9, sans discrimination. Nous avons tous le droit de travailler dans une atmosph\u00e8re professionnelle ax\u00e9e sur l\u2019inclusion et l\u2019\u00e9galit\u00e9 des chances, et o\u00f9 les pratiques injustes n\u2019ont pas leur place. <\/p>\n\n\n\n<p class=\"font-classic has-ssg-3-xl-font-size\">La plupart des postes haut plac\u00e9s dans le milieu coop\u00e9ratif et les domaines d\u2019int\u00e9r\u00eat due SSG \u2013 durabilit\u00e9, changements climatiques, urbanisme \u2013 sont occup\u00e9s par des personnes blanches, de sorte que l\u2019environnement de travail est souvent contr\u00f4l\u00e9 par les int\u00e9r\u00eats de ce groupe. Or, nous croyons que les solutions environnementales doivent \u00eatre cr\u00e9\u00e9es et mises en place selon un mod\u00e8le qui ne reproduit pas le racisme et les iniquit\u00e9s syst\u00e9miques. <\/p>\n<\/div>\n\n\n\n<div class=\"wp-block-column flex flex-col justify-end is-layout-flow wp-block-column-is-layout-flow\">\n<figure class=\"wp-block-image size-full is-style-rounded\"><img loading=\"lazy\" decoding=\"async\" width=\"2560\" height=\"1920\" src=\"https:\/\/ssg.coop\/wp-content\/uploads\/2025\/01\/Group1-1-scaled.jpg\" alt=\"\" class=\"wp-image-15198\" srcset=\"https:\/\/ssg.coop\/wp-content\/uploads\/2025\/01\/Group1-1-scaled.jpg 2560w, https:\/\/ssg.coop\/wp-content\/uploads\/2025\/01\/Group1-1-300x225.jpg 300w, https:\/\/ssg.coop\/wp-content\/uploads\/2025\/01\/Group1-1-1024x768.jpg 1024w, https:\/\/ssg.coop\/wp-content\/uploads\/2025\/01\/Group1-1-768x576.jpg 768w, https:\/\/ssg.coop\/wp-content\/uploads\/2025\/01\/Group1-1-1536x1152.jpg 1536w, https:\/\/ssg.coop\/wp-content\/uploads\/2025\/01\/Group1-1-2048x1536.jpg 2048w\" sizes=\"auto, (max-width: 2560px) 100vw, 2560px\" \/><\/figure>\n<\/div>\n<\/div>\n<\/section>\n\n\n<div  class=\"ssg-spacer h-16 xl:h-48 \"><\/div>\n\n\n\n<div id=\"vacancies\" class=\"wp-block-group ssg-two-column-heading-text is-layout-constrained wp-block-group-is-layout-constrained\">\n<div class=\"wp-block-columns is-layout-flex wp-container-core-columns-is-layout-9d6595d7 wp-block-columns-is-layout-flex\">\n<div class=\"wp-block-column !mb-4 xl:!mb-0 pl-2 xl:pl-4 border-l-solid border-l-foreground border-l dark:border-l-background is-layout-flow wp-block-column-is-layout-flow\" style=\"flex-basis:33%\">\n<h2 class=\"wp-block-heading m-0\">Offres d\u2019emploi<\/h2>\n<\/div>\n\n\n\n<div class=\"wp-block-column is-layout-constrained wp-block-column-is-layout-constrained\">\n<div class=\"wp-block-group pl-2 xl:pl-4 border-l-solid border-l-foreground border-l dark:border-l-background is-layout-flow wp-block-group-is-layout-flow\"><!-- wp:group {\"tagName\":\"div\",\"className\":\"ssg-job-expandable\",\"layout\":{\"type\":\"constrained\"},\"metadata\":{\"name\":\"SSG Job\"}} -->\n<div  class=\"wp-block-group ssg-job-expandable is-layout-constrained \">\n\t<div class=\"mb-8 xl:mb-16 border-b border-b-foreground dark:border-b-background border-solid\">\n\n\t\t<h3>\n\t\t\t<button\n\t\t\t\tdata-twe-collapse-init\n\t\t\t  data-twe-target=\"#job17416\"\n\t\t\t\taria-expanded=\"false\"\n\t  \t\taria-controls=\"job17416\"\n\t  \t\tclass=\"!text-left hover:underline\"\n\t\t\t>\n\t\t\t\tAssoci\u00e9\u00b7e aux communications et au marketing pour le march\u00e9 du Qu\u00e9bec ->\n\t\t\t<\/button>\n\t\t<\/h3>\n\n\t\t<div \n\t\t\tid=\"job17416\"\n\t\t  class=\"hidden pb-8 xl:w-3\/5\"\n\t\t\tdata-twe-collapse-item\n\t\t>\n\t\t\t<!-- wp:group {\"layout\":{\"type\":\"constrained\"}} -->\n<div class=\"wp-block-group\"><!-- wp:post-title \/-->\n\n<!-- wp:ssg\/ssg-spacer \/-->\n\n<!-- wp:file {\"id\":17418,\"href\":\"https:\/\/ssg.coop\/wp-content\/uploads\/2025\/11\/FR.-Job-Posting-Quebec-Marcomms-Contractor-2.pdf\",\"displayPreview\":true} -->\n<div class=\"wp-block-file\"><object class=\"wp-block-file__embed\" data=\"https:\/\/ssg.coop\/wp-content\/uploads\/2025\/11\/FR.-Job-Posting-Quebec-Marcomms-Contractor-2.pdf\" type=\"application\/pdf\" style=\"width:100%;height:600px\" aria-label=\"FR. Job Posting Quebec Marcomms Contractor (2)\"><\/object><a id=\"wp-block-file--media-44de1e7d-6d3d-404e-9016-d6f717b283ec\" href=\"https:\/\/ssg.coop\/wp-content\/uploads\/2025\/11\/FR.-Job-Posting-Quebec-Marcomms-Contractor-2.pdf\">FR. Job Posting Quebec Marcomms Contractor (2)<\/a><a href=\"https:\/\/ssg.coop\/wp-content\/uploads\/2025\/11\/FR.-Job-Posting-Quebec-Marcomms-Contractor-2.pdf\" class=\"wp-block-file__button wp-element-button\" download aria-describedby=\"wp-block-file--media-44de1e7d-6d3d-404e-9016-d6f717b283ec\">Download<\/a><\/div>\n<!-- \/wp:file -->\n\n<!-- wp:ssg\/ssg-spacer \/-->\n\n<!-- wp:paragraph -->\n<p>Si cette opportunit\u00e9 vous int\u00e9resse, veuillez transmettre votre CV, un court paragraphe expliquant votre int\u00e9r\u00eat ainsi que des \u00e9chantillons de votre travail en fran\u00e7ais (ou un lien vers votre portfolio) \u00e0 Alia Dharssi \u00e0 l\u2019adresse : work(a)ssg.coop.<strong> L\u2019affichage restera ouvert jusqu\u2019\u00e0 ce que le poste soit pourvu.<\/strong><\/p>\n<!-- \/wp:paragraph -->\n\n<!-- wp:paragraph -->\n<p>Votre CV et votre lettre de pr\u00e9sentation peuvent \u00eatre r\u00e9dig\u00e9s en fran\u00e7ais ou en anglais. <strong>Vos \u00e9chantillons de travail doivent \u00eatre en fran\u00e7ais.<\/strong><\/p>\n<!-- \/wp:paragraph --><\/div>\n<!-- \/wp:group -->\n\n<!-- wp:paragraph -->\n<p><\/p>\n<!-- \/wp:paragraph -->\t\t<\/div>\n\n\t<\/div>\n<\/div>\n<!-- \/wp:group -->\n\n\n\n\n<p>Nous ne cherchons pas activement \u00e0 pourvoir de postes. Vous pouvez n\u00e9anmoins nous <a href=\"https:\/\/airtable.com\/app06CePg6gzWIwsx\/shriPBbV8r5nb8nxC\" target=\"_blank\" rel=\"noopener\" title=\"et nous garderons votre candidature en t\u00eate pour la suite.\">faire part de votre int\u00e9r\u00eat ici<\/a>,<\/p>\n<\/div>\n<\/div>\n<\/div>\n<\/div>\n\n\n<div  class=\"ssg-spacer h-16 xl:h-24 \"><\/div>\n\n\n\n<div class=\"wp-block-group ssg-two-column-heading-text is-layout-constrained wp-block-group-is-layout-constrained\">\n<div class=\"wp-block-columns is-layout-flex wp-container-core-columns-is-layout-9d6595d7 wp-block-columns-is-layout-flex\">\n<div class=\"wp-block-column !mb-4 xl:!mb-0 pl-2 xl:pl-4 border-l-solid border-l-foreground border-l dark:border-l-background is-layout-flow wp-block-column-is-layout-flow\" style=\"flex-basis:33%\">\n<h2 class=\"wp-block-heading m-0\">Associ\u00e9es et associ\u00e9s<\/h2>\n<\/div>\n\n\n\n<div class=\"wp-block-column is-layout-constrained wp-block-column-is-layout-constrained\">\n<div class=\"wp-block-group pl-2 xl:pl-4 border-l-solid border-l-foreground border-l dark:border-l-background is-layout-flow wp-block-group-is-layout-flow\">\n<h3 class=\"wp-block-heading\">Vous aimeriez \u00eatre associ\u00e9-e de SSG?<\/h3>\n\n\n\n<p>SSG travaille avec des associ\u00e9-e-s qualifi\u00e9-e-s dans le domaine de l\u2019action climatique et de la durabilit\u00e9 qui sont appel\u00e9-e-s \u00e0 prendre part \u00e0 des projets de mani\u00e8re ponctuelle, selon les besoins.  <\/p>\n\n\n\n<p><a href=\"https:\/\/airtable.com\/app06CePg6gzWIwsx\/shriPBbV8r5nb8nxC\" target=\"_blank\" rel=\"noopener\" title=\"\">T\u00e9moignez votre int\u00e9r\u00eat pour le r\u00f4le d\u2019associ\u00e9-e dans ce formulaire<\/a>, en s\u00e9lectionnant l\u2019option \u00ab General Associate\/Subcontractor \u00bb. Attention : il s\u2019agit d\u2019un r\u00f4le de sous-traitant et non d\u2019un poste directement au sein du SSG.  <\/p>\n<\/div>\n<\/div>\n<\/div>\n<\/div>\n\n\n<div  class=\"ssg-spacer h-8 xl:h-16 \"><\/div>\n","protected":false},"excerpt":{"rendered":"<p>Ce que nous faisons SSG est une entreprise conseil en planification climatique reconnue qui \u0153uvre \u00e0 cr\u00e9er un monde d\u00e9carbon\u00e9 o\u00f9 les personnes et les \u00e9cosyst\u00e8mes peuvent s\u2019\u00e9panouir. Chez SSG, les questions environnementales sont la base m\u00eame de l\u2019organisation. Elles dictent tant la nature des projets de l\u2019entreprise que ses orientations et ses pratiques internes.<a href=\"https:\/\/ssg.coop\/fr\/rejoignez-notre-equipe\/\">Continuer la lecture <span class=\"sr-only\">\u00ab\u00a0Rejoignez notre \u00e9quipe\u00a0\u00bb<\/span><\/a><\/p>\n","protected":false},"author":1,"featured_media":12263,"parent":0,"menu_order":0,"comment_status":"closed","ping_status":"closed","template":"","meta":{"_acf_changed":false,"om_disable_all_campaigns":false,"inline_featured_image":false,"_monsterinsights_skip_tracking":false,"_monsterinsights_sitenote_active":false,"_monsterinsights_sitenote_note":"","_monsterinsights_sitenote_category":0,"footnotes":""},"class_list":["post-16184","page","type-page","status-publish","has-post-thumbnail","hentry"],"acf":[],"aioseo_notices":[],"_links":{"self":[{"href":"https:\/\/ssg.coop\/fr\/wp-json\/wp\/v2\/pages\/16184","targetHints":{"allow":["GET"]}}],"collection":[{"href":"https:\/\/ssg.coop\/fr\/wp-json\/wp\/v2\/pages"}],"about":[{"href":"https:\/\/ssg.coop\/fr\/wp-json\/wp\/v2\/types\/page"}],"author":[{"embeddable":true,"href":"https:\/\/ssg.coop\/fr\/wp-json\/wp\/v2\/users\/1"}],"replies":[{"embeddable":true,"href":"https:\/\/ssg.coop\/fr\/wp-json\/wp\/v2\/comments?post=16184"}],"version-history":[{"count":17,"href":"https:\/\/ssg.coop\/fr\/wp-json\/wp\/v2\/pages\/16184\/revisions"}],"predecessor-version":[{"id":17421,"href":"https:\/\/ssg.coop\/fr\/wp-json\/wp\/v2\/pages\/16184\/revisions\/17421"}],"wp:featuredmedia":[{"embeddable":true,"href":"https:\/\/ssg.coop\/fr\/wp-json\/wp\/v2\/media\/12263"}],"wp:attachment":[{"href":"https:\/\/ssg.coop\/fr\/wp-json\/wp\/v2\/media?parent=16184"}],"curies":[{"name":"wp","href":"https:\/\/api.w.org\/{rel}","templated":true}]}}