{"id":15811,"date":"2024-03-19T00:19:51","date_gmt":"2024-03-19T07:19:51","guid":{"rendered":"https:\/\/ssg.coop\/nos-outils\/"},"modified":"2025-05-19T09:50:32","modified_gmt":"2025-05-19T16:50:32","slug":"nos-outils","status":"publish","type":"page","link":"https:\/\/ssg.coop\/fr\/nos-outils\/","title":{"rendered":"Nos outils"},"content":{"rendered":"\n<div class=\"wp-block-group is-layout-constrained wp-block-group-is-layout-constrained\"><h1 class=\"wp-block-post-title\">Nos outils<\/h1><\/div>\n\n\n<div  class=\"ssg-spacer h-8 xl:h-16 \"><\/div>\n\n\n\n<div class=\"wp-block-group ssg-one-column-intro is-layout-constrained wp-block-group-is-layout-constrained\">\n<div class=\"wp-block-columns is-layout-flex wp-container-core-columns-is-layout-9d6595d7 wp-block-columns-is-layout-flex\">\n<div class=\"wp-block-column pl-2 xl:pl-4 border-l-solid border-l-foreground border-l dark:border-l-background is-layout-flow wp-block-column-is-layout-flow\">\n<p class=\"text-3xl xl:text-h3 leading-h4 xl:leading-h3 has-ssg-4-xl-font-size\">Nos outils de mod\u00e9lisation aident les collectivit\u00e9s et les organisations \u00e0 r\u00e9pondre \u00e0 la crise climatique en \u00e9valuant les effets de certaines solutions, entre autres sur les \u00e9missions de GES, les finances, l\u2019emploi, la sant\u00e9, l\u2019\u00e9quit\u00e9 et la r\u00e9silience. <\/p>\n<\/div>\n\n\n\n<div class=\"wp-block-column is-layout-flow wp-block-column-is-layout-flow\"><\/div>\n<\/div>\n<\/div>\n\n\n<div  class=\"ssg-spacer h-16 xl:h-24 \"><\/div>\n\n\n\t<!-- wp:group {\"tagName\":\"section\",\"className\":\"ssg-callout-image\",\"layout\":{\"type\":\"constrained\"},\"metadata\":{\"name\":\"SSG Callout Image\"}} -->\n\t<section  class=\"wp-block-group ssg-callout-image is-layout-constrained \">\n\t\t<div \n\t\t\tclass=\"xl:flex xl:h-[640px] px-4 pt-4 pb-8 xl:p-8 bg-cover rounded-xl\" \n\t\t\tstyle=\"background-image: url(https:\/\/ssg.coop\/wp-content\/uploads\/2024\/09\/pattern27lightblueonsky.png);\"\n\t\t>\t\n\t\t\t\t\t\t\t<div class=\"xl:w-2\/3\">\n\t\t\t\n\t\t\t\t\t\t\t\t\t<h4 class=\"font-classic-bold dark:text-foreground\">\n\t\t\t\t\t\tNos outils \t\t\t\t\t<\/h4>\n\t\t\t\t\n\t\t\t\t\t\t\t\t\t\t\t\t\t\t\t<p class=\"text-6xl leading-6xl\">\n\t\t\t\t\t\t\tLes outils de mod\u00e9lisation de SSG aident les d\u00e9cisionnaires \u00e0 mettre la lumi\u00e8re sur des futurs possibles, et ce, \u00e0 diverses fins : faire chuter les \u00e9missions de GES, se pr\u00e9parer aux ph\u00e9nom\u00e8nes m\u00e9t\u00e9orologiques extr\u00eames et composer avec d\u2019autres facettes des changements climatiques.\t\t\t\t\t\t<\/p>\n\t\t\t\t\t\t\t\t\t\n\t\t\t<\/div>\n\t\t<\/div>\n\n\t\t\t\t<svg class=\"absolute invisible\" width=\"0\" height=\"0\" xmlns=\"http:\/\/www.w3.org\/2000\/svg\" version=\"1.1\">\n\t    <defs>\n\t      <filter id=\"ssg-callout-highlight\"><feGaussianBlur in=\"SourceGraphic\" stdDeviation=\"10\" result=\"blur\" \/>    \n\t        <feColorMatrix in=\"blur\" mode=\"matrix\" values=\"1 0 0 0 0  0 1 0 0 0  0 0 1 0 0  0 0 0 19 -9\" result=\"ssg-callout-highlight\" \/>\n\t        <feComposite in=\"SourceGraphic\" in2=\"ssg-callout-highlight\" operator=\"atop\"\/>\n\t      <\/filter>\n\t    <\/defs>\n\t\t<\/svg>\n\n\t<!-- \/wp:group -->\n\t<\/section>\n\n\n\n<div  class=\"ssg-spacer h-16 xl:h-24 \"><\/div>\n\n\n\n<section class=\"wp-block-group ssg-staggered is-layout-constrained wp-block-group-is-layout-constrained\">\n<div class=\"wp-block-columns is-layout-flex wp-container-core-columns-is-layout-9d6595d7 wp-block-columns-is-layout-flex\">\n<div class=\"wp-block-column is-layout-flow wp-block-column-is-layout-flow\" style=\"flex-basis:38%\">\n<div class=\"ssg-staggered-card card ssg-tool relative group xl:min-h-[360px] ssg-randomize-hover hover:xl:bg-ssg-random focus:xl:bg-ssg-random hover:xl:border-ssg-random focus:xl:border-ssg-random \">\n\n\t<div>\n\n\t\t<h3 class=\"2xl:text-6xl 2xl:leading-6xl\">\n\t\t\t<a href=\"https:\/\/ssg.coop\/fr\/tools\/scenacommunity\/\" class=\"no-underline hover:underline focus:underline\">\n\t\t\t\tScenaCommunity\t\t\t<\/a>\n\t\t<\/h3>\n\n\t\t<p class=\"xl:opacity-0 group-hover:xl:opacity-100 group-focus-within:xl:opacity-100 group-focus-within:xl:opacity-100 text-base xl:text-2xl xl:leading-2xl 2xl:text-4xl 2xl:leading-5xl transition-all duration-500\">\n\t\t\tScenaCommunity aide les collectivit\u00e9s, allant des petits villages aux grandes villes, \u00e0 tirer parti des donn\u00e9es sur les habitudes de vie, de travail et de d\u00e9placement de leur population pour cibler des mesures climatiques efficientes.\t\t<\/p>\n\n\t<\/div>\n\n  <a\n\tclass=\"ssg-link-arrow self-end text-right text-3xl  ssg-never-underline dark:text-background\"\n \thref=\"https:\/\/ssg.coop\/fr\/tools\/scenacommunity\/\"\n\n \t>\n\t<span class=\"whitespace-nowrap\">-><\/span>\n<\/a>\n<\/div>\n\n<\/div>\n\n\n\n<div class=\"wp-block-column is-layout-flow wp-block-column-is-layout-flow\" style=\"flex-basis:38%\">\n<div class=\"ssg-staggered-card card ssg-tool relative group xl:min-h-[360px] ssg-randomize-hover hover:xl:bg-ssg-random focus:xl:bg-ssg-random hover:xl:border-ssg-random focus:xl:border-ssg-random \">\n\n\t<div>\n\n\t\t<h3 class=\"2xl:text-6xl 2xl:leading-6xl\">\n\t\t\t<a href=\"https:\/\/ssg.coop\/fr\/tools\/scenacorporate\/\" class=\"no-underline hover:underline focus:underline\">\n\t\t\t\tScenaCorporate\t\t\t<\/a>\n\t\t<\/h3>\n\n\t\t<p class=\"xl:opacity-0 group-hover:xl:opacity-100 group-focus-within:xl:opacity-100 group-focus-within:xl:opacity-100 text-base xl:text-2xl xl:leading-2xl 2xl:text-4xl 2xl:leading-5xl transition-all duration-500\">\n\t\t\tScenaCorporate aide les organisations, les agences gouvernementales, les entreprises et les institutions \u00e0 trouver des approches efficientes pour d\u00e9carboner leurs op\u00e9rations.\t\t<\/p>\n\n\t<\/div>\n\n  <a\n\tclass=\"ssg-link-arrow self-end text-right text-3xl  ssg-never-underline dark:text-background\"\n \thref=\"https:\/\/ssg.coop\/fr\/tools\/scenacorporate\/\"\n\n \t>\n\t<span class=\"whitespace-nowrap\">-><\/span>\n<\/a>\n<\/div>\n\n<\/div>\n\n\n\n<div class=\"wp-block-column hidden xl:block is-layout-flow wp-block-column-is-layout-flow\"><\/div>\n<\/div>\n\n\n\n<div aria-hidden=\"true\" class=\"wp-block-fsb-flexible-spacer fsb-flexible-spacer\"><div class=\"fsb-flexible-spacer__device fsb-flexible-spacer__device--lg\" style=\"height:96px\"><\/div><div class=\"fsb-flexible-spacer__device fsb-flexible-spacer__device--md\" style=\"height:32px\"><\/div><div class=\"fsb-flexible-spacer__device fsb-flexible-spacer__device--sm\" style=\"height:32px\"><\/div><\/div>\n\n\n\n<div class=\"wp-block-columns is-layout-flex wp-container-core-columns-is-layout-9d6595d7 wp-block-columns-is-layout-flex\">\n<div class=\"wp-block-column hidden xl:block is-layout-flow wp-block-column-is-layout-flow\"><\/div>\n\n\n\n<div class=\"wp-block-column is-layout-flow wp-block-column-is-layout-flow\" style=\"flex-basis:38%\">\n<div class=\"ssg-staggered-card card ssg-tool relative group xl:min-h-[360px] ssg-randomize-hover hover:xl:bg-ssg-random focus:xl:bg-ssg-random hover:xl:border-ssg-random focus:xl:border-ssg-random \">\n\n\t<div>\n\n\t\t<h3 class=\"2xl:text-6xl 2xl:leading-6xl\">\n\t\t\t<a href=\"https:\/\/ssg.coop\/fr\/tools\/scenaadaptation\/\" class=\"no-underline hover:underline focus:underline\">\n\t\t\t\tScenaAdaptation\t\t\t<\/a>\n\t\t<\/h3>\n\n\t\t<p class=\"xl:opacity-0 group-hover:xl:opacity-100 group-focus-within:xl:opacity-100 group-focus-within:xl:opacity-100 text-base xl:text-2xl xl:leading-2xl 2xl:text-4xl 2xl:leading-5xl transition-all duration-500\">\n\t\t\tScenaAdaptation aide les collectivit\u00e9s \u00e0 se pr\u00e9parer et \u00e0 s\u2019adapter aux al\u00e9as climatiques comme les vagues de chaleur, les feux de for\u00eat, les inondations, les glissements de terrain et les temp\u00eates impr\u00e9visibles.\t\t<\/p>\n\n\t<\/div>\n\n  <a\n\tclass=\"ssg-link-arrow self-end text-right text-3xl  ssg-never-underline dark:text-background\"\n \thref=\"https:\/\/ssg.coop\/fr\/tools\/scenaadaptation\/\"\n\n \t>\n\t<span class=\"whitespace-nowrap\">-><\/span>\n<\/a>\n<\/div>\n\n<\/div>\n\n\n\n<div class=\"wp-block-column is-layout-flow wp-block-column-is-layout-flow\" style=\"flex-basis:38%\">\n<div class=\"ssg-staggered-card card ssg-tool relative group xl:min-h-[360px] ssg-randomize-hover hover:xl:bg-ssg-random focus:xl:bg-ssg-random hover:xl:border-ssg-random focus:xl:border-ssg-random \">\n\n\t<div>\n\n\t\t<h3 class=\"2xl:text-6xl 2xl:leading-6xl\">\n\t\t\t<a href=\"https:\/\/ssg.coop\/fr\/tools\/base-de-donnees-municipales-sur-la-consommation-denergie-et-les-emissions-de-ges\/\" class=\"no-underline hover:underline focus:underline\">\n\t\t\t\tMEED\t\t\t<\/a>\n\t\t<\/h3>\n\n\t\t<p class=\"xl:opacity-0 group-hover:xl:opacity-100 group-focus-within:xl:opacity-100 group-focus-within:xl:opacity-100 text-base xl:text-2xl xl:leading-2xl 2xl:text-4xl 2xl:leading-5xl transition-all duration-500\">\n\t\t\tMEED est une banque de donn\u00e9es gratuites et libres d\u2019acc\u00e8s. Cette plateforme r\u00e9volutionnaire dote chaque collectivit\u00e9 canadienne des connaissances n\u00e9cessaires pour commencer \u00e0 lutter contre les changements climatiques. \t\t<\/p>\n\n\t<\/div>\n\n  <a\n\tclass=\"ssg-link-arrow self-end text-right text-3xl  ssg-never-underline dark:text-background\"\n \thref=\"https:\/\/ssg.coop\/fr\/tools\/base-de-donnees-municipales-sur-la-consommation-denergie-et-les-emissions-de-ges\/\"\n\n \t>\n\t<span class=\"whitespace-nowrap\">-><\/span>\n<\/a>\n<\/div>\n\n<\/div>\n<\/div>\n\n\n\n<div aria-hidden=\"true\" class=\"wp-block-fsb-flexible-spacer fsb-flexible-spacer\"><div class=\"fsb-flexible-spacer__device fsb-flexible-spacer__device--lg\" style=\"height:96px\"><\/div><div class=\"fsb-flexible-spacer__device fsb-flexible-spacer__device--md\" style=\"height:32px\"><\/div><div class=\"fsb-flexible-spacer__device fsb-flexible-spacer__device--sm\" style=\"height:32px\"><\/div><\/div>\n\n\n<div  class=\"ssg-spacer h-16 xl:h-24 \"><\/div>\n<\/section>\n\n\n<div  class=\"ssg-spacer h-16 xl:h-48 \"><\/div>\n\n\n\n<div class=\"wp-block-group ssg-two-column-heading-text is-layout-constrained wp-block-group-is-layout-constrained\">\n<div class=\"wp-block-columns is-layout-flex wp-container-core-columns-is-layout-9d6595d7 wp-block-columns-is-layout-flex\">\n<div class=\"wp-block-column !mb-4 xl:!mb-0 pl-2 xl:pl-4 border-l-solid border-l-foreground border-l dark:border-l-background is-layout-flow wp-block-column-is-layout-flow\">\n<h2 class=\"wp-block-heading m-0\">Nous joindre<\/h2>\n<\/div>\n\n\n\n<div class=\"wp-block-column is-layout-constrained wp-block-column-is-layout-constrained\">\n<div class=\"wp-block-group pl-2 xl:pl-4 border-l-solid border-l-foreground border-l dark:border-l-background is-layout-flow wp-block-group-is-layout-flow\">\n<p class=\"has-ssg-4-xl-font-size\">Des questions sur nos outils ou nos services ? <\/p>\n<\/div>\n\n\n<div  class=\"ssg-spacer h-4 xl:h-8 \"><\/div>\n\n\n\n<div class=\"wp-block-buttons is-layout-flex wp-block-buttons-is-layout-flex\">\n<div class=\"wp-block-button\"><a class=\"wp-block-button__link wp-element-button\" href=\"#contact-form\" rel=\" nofollow\">Contactez nous<\/a><\/div>\n<\/div>\n<\/div>\n<\/div>\n<\/div>\n\n\n<div  class=\"ssg-spacer h-16 xl:h-24 \"><\/div>\n","protected":false},"excerpt":{"rendered":"<p>Nos outils de mod\u00e9lisation aident les collectivit\u00e9s et les organisations \u00e0 r\u00e9pondre \u00e0 la crise climatique en \u00e9valuant les effets de certaines solutions, entre autres sur les \u00e9missions de GES, les finances, l\u2019emploi, la sant\u00e9, l\u2019\u00e9quit\u00e9 et la r\u00e9silience. Nous joindre Des questions sur nos outils ou nos services ?<\/p>\n","protected":false},"author":7,"featured_media":17445,"parent":0,"menu_order":14,"comment_status":"closed","ping_status":"closed","template":"","meta":{"_acf_changed":false,"om_disable_all_campaigns":false,"inline_featured_image":false,"_monsterinsights_skip_tracking":false,"_monsterinsights_sitenote_active":false,"_monsterinsights_sitenote_note":"","_monsterinsights_sitenote_category":0,"footnotes":""},"class_list":["post-15811","page","type-page","status-publish","has-post-thumbnail","hentry"],"acf":[],"aioseo_notices":[],"_links":{"self":[{"href":"https:\/\/ssg.coop\/fr\/wp-json\/wp\/v2\/pages\/15811","targetHints":{"allow":["GET"]}}],"collection":[{"href":"https:\/\/ssg.coop\/fr\/wp-json\/wp\/v2\/pages"}],"about":[{"href":"https:\/\/ssg.coop\/fr\/wp-json\/wp\/v2\/types\/page"}],"author":[{"embeddable":true,"href":"https:\/\/ssg.coop\/fr\/wp-json\/wp\/v2\/users\/7"}],"replies":[{"embeddable":true,"href":"https:\/\/ssg.coop\/fr\/wp-json\/wp\/v2\/comments?post=15811"}],"version-history":[{"count":8,"href":"https:\/\/ssg.coop\/fr\/wp-json\/wp\/v2\/pages\/15811\/revisions"}],"predecessor-version":[{"id":16445,"href":"https:\/\/ssg.coop\/fr\/wp-json\/wp\/v2\/pages\/15811\/revisions\/16445"}],"wp:featuredmedia":[{"embeddable":true,"href":"https:\/\/ssg.coop\/fr\/wp-json\/wp\/v2\/media\/17445"}],"wp:attachment":[{"href":"https:\/\/ssg.coop\/fr\/wp-json\/wp\/v2\/media?parent=15811"}],"curies":[{"name":"wp","href":"https:\/\/api.w.org\/{rel}","templated":true}]}}