{"id":15809,"date":"2024-03-19T00:19:12","date_gmt":"2024-03-19T07:19:12","guid":{"rendered":"https:\/\/ssg.coop\/nos-services\/"},"modified":"2025-05-19T09:15:02","modified_gmt":"2025-05-19T16:15:02","slug":"nos-services","status":"publish","type":"page","link":"https:\/\/ssg.coop\/fr\/nos-services\/","title":{"rendered":"Nos services"},"content":{"rendered":"\n<div class=\"wp-block-group is-layout-constrained wp-block-group-is-layout-constrained\"><h1 class=\"wp-block-post-title\">Nos services<\/h1><\/div>\n\n\n<div  class=\"ssg-spacer h-8 xl:h-16 \"><\/div>\n\n\n\n<div class=\"wp-block-group ssg-one-column-intro is-layout-constrained wp-block-group-is-layout-constrained\">\n<div class=\"wp-block-columns is-layout-flex wp-container-core-columns-is-layout-9d6595d7 wp-block-columns-is-layout-flex\">\n<div class=\"wp-block-column pl-2 xl:pl-4 border-l-solid border-l-foreground border-l dark:border-l-background is-layout-flow wp-block-column-is-layout-flow\">\n<p class=\"has-ssg-4-xl-font-size\">Nous dotons les collectivit\u00e9s et les organisations des outils n\u00e9cessaires pour se pr\u00e9parer proactivement \u00e0 la crise climatique, att\u00e9nuer ses effets, y r\u00e9pondre activement. <\/p>\n\n\n\n<p class=\"has-ssg-4-xl-font-size\">Nous facilitons la prise de d\u00e9cisions et d\u2019actions en aidant nos clients \u00e0 naviguer les enjeux de notre \u00e9poque avec confiance et clart\u00e9. <\/p>\n<\/div>\n\n\n\n<div class=\"wp-block-column is-layout-flow wp-block-column-is-layout-flow\"><\/div>\n<\/div>\n<\/div>\n\n\n<div  class=\"ssg-spacer h-16 xl:h-24 \"><\/div>\n\n\n\t<!-- wp:group {\"tagName\":\"section\",\"className\":\"ssg-callout-image\",\"layout\":{\"type\":\"constrained\"},\"metadata\":{\"name\":\"SSG Callout Image\"}} -->\n\t<section  class=\"wp-block-group ssg-callout-image is-layout-constrained \">\n\t\t<div \n\t\t\tclass=\"xl:flex xl:h-[640px] px-4 pt-4 pb-8 xl:p-8 bg-cover rounded-xl\" \n\t\t\tstyle=\"background-image: url(https:\/\/ssg.coop\/wp-content\/uploads\/2024\/09\/servicespattern-1.png);\"\n\t\t>\t\n\t\t\t\t\t\t\t<div class=\"xl:w-2\/3\">\n\t\t\t\n\t\t\t\t\n\t\t\t\t\t\t\t\t\t\t\t\t\t\t\t<p class=\"text-7xl leading-7xl\">\n\t\t\t\t\t\t\tNous catalysons des actions climatiques qui r\u00e9duisent les in\u00e9galit\u00e9s, soutiennent l\u2019activit\u00e9 \u00e9conomique et am\u00e9liorent la qualit\u00e9 de vie.\t\t\t\t\t\t<\/p>\n\t\t\t\t\t\t\t\t\t\n\t\t\t<\/div>\n\t\t<\/div>\n\n\t\t\t\t<svg class=\"absolute invisible\" width=\"0\" height=\"0\" xmlns=\"http:\/\/www.w3.org\/2000\/svg\" version=\"1.1\">\n\t    <defs>\n\t      <filter id=\"ssg-callout-highlight\"><feGaussianBlur in=\"SourceGraphic\" stdDeviation=\"10\" result=\"blur\" \/>    \n\t        <feColorMatrix in=\"blur\" mode=\"matrix\" values=\"1 0 0 0 0  0 1 0 0 0  0 0 1 0 0  0 0 0 19 -9\" result=\"ssg-callout-highlight\" \/>\n\t        <feComposite in=\"SourceGraphic\" in2=\"ssg-callout-highlight\" operator=\"atop\"\/>\n\t      <\/filter>\n\t    <\/defs>\n\t\t<\/svg>\n\n\t<!-- \/wp:group -->\n\t<\/section>\n\n\n\n<div  class=\"ssg-spacer h-16 xl:h-32 \"><\/div>\n\n\n\n<section class=\"wp-block-group ssg-staggered is-layout-constrained wp-block-group-is-layout-constrained\">\n<div class=\"wp-block-columns is-layout-flex wp-container-core-columns-is-layout-9d6595d7 wp-block-columns-is-layout-flex\">\n<div class=\"wp-block-column is-layout-flow wp-block-column-is-layout-flow\" style=\"flex-basis:38%\">\n<div class=\"ssg-staggered-card card ssg-service relative group xl:min-h-[360px] ssg-randomize-hover hover:xl:bg-ssg-random focus:xl:bg-ssg-random hover:xl:border-ssg-random focus:xl:border-ssg-random \">\n\n\t<div>\n\n\t\t<h3 class=\"2xl:text-6xl 2xl:leading-6xl\">\n\t\t\t<a href=\"https:\/\/ssg.coop\/fr\/service\/planification-de-lattenuation-des-changements-climatiques\/\" class=\"no-underline hover:underline focus:underline\">\n\t\t\t\tPlanification de l\u2019att\u00e9nuation des changements climatiques\t\t\t<\/a>\n\t\t<\/h3>\n\n\t\t<p class=\"xl:opacity-0 group-hover:xl:opacity-100 group-focus-within:xl:opacity-100 group-focus-within:xl:opacity-100 text-base xl:text-2xl xl:leading-2xl 2xl:text-4xl 2xl:leading-5xl transition-all duration-500\">\n\t\t\tNous travaillons avec nos clients pour les aider \u00e0 composer avec la complexit\u00e9 des changements climatiques. En collaboration avec eux, nous identifions des solutions destin\u00e9es \u00e0 r\u00e9duire les \u00e9missions de gaz \u00e0 effet de serre tout en am\u00e9liorant la qualit\u00e9 de vie. \t\t<\/p>\n\n\t<\/div>\n\n  <a\n\tclass=\"ssg-link-arrow self-end text-right text-3xl  ssg-never-underline dark:text-background\"\n \thref=\"https:\/\/ssg.coop\/fr\/service\/planification-de-lattenuation-des-changements-climatiques\/\"\n\n \t>\n\t<span class=\"whitespace-nowrap\">-><\/span>\n<\/a>\n<\/div>\n\n<\/div>\n\n\n\n<div class=\"wp-block-column is-layout-flow wp-block-column-is-layout-flow\" style=\"flex-basis:38%\">\n<div class=\"ssg-staggered-card card ssg-service relative group xl:min-h-[360px] ssg-randomize-hover hover:xl:bg-ssg-random focus:xl:bg-ssg-random hover:xl:border-ssg-random focus:xl:border-ssg-random \">\n\n\t<div>\n\n\t\t<h3 class=\"2xl:text-6xl 2xl:leading-6xl\">\n\t\t\t<a href=\"https:\/\/ssg.coop\/fr\/service\/planification-de-ladaptation-au-climat\/\" class=\"no-underline hover:underline focus:underline\">\n\t\t\t\tPlanification de l&rsquo;adaptation au climat\t\t\t<\/a>\n\t\t<\/h3>\n\n\t\t<p class=\"xl:opacity-0 group-hover:xl:opacity-100 group-focus-within:xl:opacity-100 group-focus-within:xl:opacity-100 text-base xl:text-2xl xl:leading-2xl 2xl:text-4xl 2xl:leading-5xl transition-all duration-500\">\n\t\t\tNous cherchons \u00e0 d\u00e9terminer comment les ph\u00e9nom\u00e8nes m\u00e9t\u00e9orologiques extr\u00eames et les autres al\u00e9as climatiques se r\u00e9percuteront sur les collectivit\u00e9s, de m\u00eame qu\u2019\u00e0 collaborer \u00e0 la cr\u00e9ation de solutions pour pr\u00e9venir les dommages et sauver des vies. \t\t<\/p>\n\n\t<\/div>\n\n  <a\n\tclass=\"ssg-link-arrow self-end text-right text-3xl  ssg-never-underline dark:text-background\"\n \thref=\"https:\/\/ssg.coop\/fr\/service\/planification-de-ladaptation-au-climat\/\"\n\n \t>\n\t<span class=\"whitespace-nowrap\">-><\/span>\n<\/a>\n<\/div>\n\n<\/div>\n\n\n\n<div class=\"wp-block-column hidden xl:block is-layout-flow wp-block-column-is-layout-flow\"><\/div>\n<\/div>\n\n\n\n<div aria-hidden=\"true\" class=\"wp-block-fsb-flexible-spacer fsb-flexible-spacer\"><div class=\"fsb-flexible-spacer__device fsb-flexible-spacer__device--lg\" style=\"height:96px\"><\/div><div class=\"fsb-flexible-spacer__device fsb-flexible-spacer__device--md\" style=\"height:32px\"><\/div><div class=\"fsb-flexible-spacer__device fsb-flexible-spacer__device--sm\" style=\"height:32px\"><\/div><\/div>\n\n\n\n<div class=\"wp-block-columns is-layout-flex wp-container-core-columns-is-layout-9d6595d7 wp-block-columns-is-layout-flex\">\n<div class=\"wp-block-column hidden xl:block is-layout-flow wp-block-column-is-layout-flow\"><\/div>\n\n\n\n<div class=\"wp-block-column is-layout-flow wp-block-column-is-layout-flow\" style=\"flex-basis:38%\">\n<div class=\"ssg-staggered-card card ssg-service relative group xl:min-h-[360px] ssg-randomize-hover hover:xl:bg-ssg-random focus:xl:bg-ssg-random hover:xl:border-ssg-random focus:xl:border-ssg-random \">\n\n\t<div>\n\n\t\t<h3 class=\"2xl:text-6xl 2xl:leading-6xl\">\n\t\t\t<a href=\"https:\/\/ssg.coop\/fr\/service\/budget-carbone-et-comptabilisation-des-emissions-de-ges\/\" class=\"no-underline hover:underline focus:underline\">\n\t\t\t\tBudget carbone et comptabilisation des \u00e9missions de GES\t\t\t<\/a>\n\t\t<\/h3>\n\n\t\t<p class=\"xl:opacity-0 group-hover:xl:opacity-100 group-focus-within:xl:opacity-100 group-focus-within:xl:opacity-100 text-base xl:text-2xl xl:leading-2xl 2xl:text-4xl 2xl:leading-5xl transition-all duration-500\">\n\t\t\tNos cadres de comptabilisation des \u00e9missions constituent de puissants outils pour int\u00e9grer la question du climat au processus d\u00e9cisionnel. \t\t<\/p>\n\n\t<\/div>\n\n  <a\n\tclass=\"ssg-link-arrow self-end text-right text-3xl  ssg-never-underline dark:text-background\"\n \thref=\"https:\/\/ssg.coop\/fr\/service\/budget-carbone-et-comptabilisation-des-emissions-de-ges\/\"\n\n \t>\n\t<span class=\"whitespace-nowrap\">-><\/span>\n<\/a>\n<\/div>\n\n<\/div>\n\n\n\n<div class=\"wp-block-column is-layout-flow wp-block-column-is-layout-flow\" style=\"flex-basis:38%\">\n<div class=\"ssg-staggered-card card ssg-service relative group xl:min-h-[360px] ssg-randomize-hover hover:xl:bg-ssg-random focus:xl:bg-ssg-random hover:xl:border-ssg-random focus:xl:border-ssg-random \">\n\n\t<div>\n\n\t\t<h3 class=\"2xl:text-6xl 2xl:leading-6xl\">\n\t\t\t<a href=\"https:\/\/ssg.coop\/fr\/service\/modelisation-de-scenarios\/\" class=\"no-underline hover:underline focus:underline\">\n\t\t\t\tMod\u00e9lisation de sc\u00e9narios\t\t\t<\/a>\n\t\t<\/h3>\n\n\t\t<p class=\"xl:opacity-0 group-hover:xl:opacity-100 group-focus-within:xl:opacity-100 group-focus-within:xl:opacity-100 text-base xl:text-2xl xl:leading-2xl 2xl:text-4xl 2xl:leading-5xl transition-all duration-500\">\n\t\t\tGr\u00e2ce aux services de mod\u00e9lisation de sc\u00e9narios de SSG, les collectivit\u00e9s peuvent comprendre les implications \u00e0 long terme d\u2019\u00e9ventuelles mesures et politiques destin\u00e9es \u00e0 r\u00e9duire la pollution et \u00e0 se pr\u00e9parer \u00e0 des conditions m\u00e9t\u00e9orologiques extr\u00eames. \t\t<\/p>\n\n\t<\/div>\n\n  <a\n\tclass=\"ssg-link-arrow self-end text-right text-3xl  ssg-never-underline dark:text-background\"\n \thref=\"https:\/\/ssg.coop\/fr\/service\/modelisation-de-scenarios\/\"\n\n \t>\n\t<span class=\"whitespace-nowrap\">-><\/span>\n<\/a>\n<\/div>\n\n<\/div>\n<\/div>\n\n\n\n<div aria-hidden=\"true\" class=\"wp-block-fsb-flexible-spacer fsb-flexible-spacer\"><div class=\"fsb-flexible-spacer__device fsb-flexible-spacer__device--lg\" style=\"height:96px\"><\/div><div class=\"fsb-flexible-spacer__device fsb-flexible-spacer__device--md\" style=\"height:32px\"><\/div><div class=\"fsb-flexible-spacer__device fsb-flexible-spacer__device--sm\" style=\"height:32px\"><\/div><\/div>\n\n\n\n<div class=\"wp-block-columns is-layout-flex wp-container-core-columns-is-layout-9d6595d7 wp-block-columns-is-layout-flex\">\n<div class=\"wp-block-column is-layout-flow wp-block-column-is-layout-flow\" style=\"flex-basis:38%\">\n<div class=\"ssg-staggered-card card ssg-service relative group xl:min-h-[360px] ssg-randomize-hover hover:xl:bg-ssg-random focus:xl:bg-ssg-random hover:xl:border-ssg-random focus:xl:border-ssg-random \">\n\n\t<div>\n\n\t\t<h3 class=\"2xl:text-6xl 2xl:leading-6xl\">\n\t\t\t<a href=\"https:\/\/ssg.coop\/fr\/service\/mise-en-oeuvre-de-plans-climat\/\" class=\"no-underline hover:underline focus:underline\">\n\t\t\t\tMise en \u0153uvre de plans climat\t\t\t<\/a>\n\t\t<\/h3>\n\n\t\t<p class=\"xl:opacity-0 group-hover:xl:opacity-100 group-focus-within:xl:opacity-100 group-focus-within:xl:opacity-100 text-base xl:text-2xl xl:leading-2xl 2xl:text-4xl 2xl:leading-5xl transition-all duration-500\">\n\t\t\tNous aidons notre client\u00e8le \u00e0 transformer les modes de vie, de d\u00e9placements, de travail et les habitudes de consommation des communaut\u00e9s gr\u00e2ce \u00e0 des mesures moins polluantes et plus b\u00e9n\u00e9fiques pour la sant\u00e9.\t\t<\/p>\n\n\t<\/div>\n\n  <a\n\tclass=\"ssg-link-arrow self-end text-right text-3xl  ssg-never-underline dark:text-background\"\n \thref=\"https:\/\/ssg.coop\/fr\/service\/mise-en-oeuvre-de-plans-climat\/\"\n\n \t>\n\t<span class=\"whitespace-nowrap\">-><\/span>\n<\/a>\n<\/div>\n\n<\/div>\n\n\n\n<div class=\"wp-block-column is-layout-flow wp-block-column-is-layout-flow\" style=\"flex-basis:38%\">\n<div class=\"ssg-staggered-card card ssg-service relative group xl:min-h-[360px] ssg-randomize-hover hover:xl:bg-ssg-random focus:xl:bg-ssg-random hover:xl:border-ssg-random focus:xl:border-ssg-random \">\n\n\t<div>\n\n\t\t<h3 class=\"2xl:text-6xl 2xl:leading-6xl\">\n\t\t\t<a href=\"https:\/\/ssg.coop\/fr\/service\/inventaire-des-emissions-de-gaz-a-effet-de-serre\/\" class=\"no-underline hover:underline focus:underline\">\n\t\t\t\tInventaire des \u00e9missions de gaz \u00e0 effet de serre\t\t\t<\/a>\n\t\t<\/h3>\n\n\t\t<p class=\"xl:opacity-0 group-hover:xl:opacity-100 group-focus-within:xl:opacity-100 group-focus-within:xl:opacity-100 text-base xl:text-2xl xl:leading-2xl 2xl:text-4xl 2xl:leading-5xl transition-all duration-500\">\n\t\t\tNous accompagnons nos clients pour faire le bilan de leurs \u00e9missions de gaz \u00e0 effet de serre (GES) &#8211; le premier pas pour lutter contre les changements climatiques. \t\t<\/p>\n\n\t<\/div>\n\n  <a\n\tclass=\"ssg-link-arrow self-end text-right text-3xl  ssg-never-underline dark:text-background\"\n \thref=\"https:\/\/ssg.coop\/fr\/service\/inventaire-des-emissions-de-gaz-a-effet-de-serre\/\"\n\n \t>\n\t<span class=\"whitespace-nowrap\">-><\/span>\n<\/a>\n<\/div>\n\n<\/div>\n\n\n\n<div class=\"wp-block-column hidden xl:block is-layout-flow wp-block-column-is-layout-flow\"><\/div>\n<\/div>\n\n\n<div  class=\"ssg-spacer h-8 xl:h-16 \"><\/div>\n<\/section>\n\n\n<div  class=\"ssg-spacer h-16 xl:h-24 \"><\/div>\n\n\n\n<section class=\"wp-block-group ssg-container has-ssg-yellow-background-color has-background is-layout-flow wp-block-group-is-layout-flow\"><div  class=\"ssg-spacer h-16 xl:h-24 \"><\/div>\n\n\n\n<div class=\"wp-block-group ssg-two-column-heading-text is-layout-constrained wp-block-group-is-layout-constrained\">\n<div class=\"wp-block-columns is-layout-flex wp-container-core-columns-is-layout-9d6595d7 wp-block-columns-is-layout-flex\">\n<div class=\"wp-block-column !mb-4 xl:!mb-0 pl-2 xl:pl-4 border-l-solid border-l-foreground border-l dark:border-l-background is-layout-flow wp-block-column-is-layout-flow\">\n<h2 class=\"wp-block-heading m-0\">SSG en chiffres<\/h2>\n<\/div>\n\n\n\n<div class=\"wp-block-column is-layout-constrained wp-block-column-is-layout-constrained\">\n<h3 class=\"wp-block-heading\">Depuis plus de 20 ans, SSG aide les collectivit\u00e9s \u00e0 identifier des moyens de r\u00e9duire la pollution, tout en les accompagnant vers un avenir prosp\u00e8re et d\u00e9carbon\u00e9.<\/h3>\n<\/div>\n<\/div>\n<\/div>\n\n\n\n<section class=\"wp-block-group ssg-statistics-callout has-ssg-coral-background-color has-background has-ssg-yellow-background-color is-layout-constrained wp-block-group-is-layout-constrained\"><div  class=\"ssg-spacer h-8 xl:h-16 \"><\/div>\n\n\n\n<div class=\"wp-block-group ssg-statistics-columns is-layout-constrained wp-block-group-is-layout-constrained\">\n<div class=\"wp-block-columns are-vertically-aligned-top is-layout-flex wp-container-core-columns-is-layout-9d6595d7 wp-block-columns-is-layout-flex\">\n<div class=\"wp-block-column is-vertically-aligned-top is-layout-flow wp-block-column-is-layout-flow\"><\/div>\n\n\n\n<div class=\"wp-block-column is-vertically-aligned-top is-layout-flow wp-block-column-is-layout-flow\">\n<div class=\"wp-block-group ssg-statistic is-content-justification-center is-layout-constrained wp-block-group-is-layout-constrained\">\n<p class=\"font-classic-bold has-ssg-huge-font-size\">30+<\/p>\n\n\n\n<p class=\"has-ssg-4-xl-font-size\">copropri\u00e9taires<\/p>\n<\/div>\n<\/div>\n<\/div>\n\n\n<div  class=\"ssg-spacer h-16 xl:h-24 \"><\/div>\n\n\n\n<div class=\"wp-block-columns are-vertically-aligned-top is-layout-flex wp-container-core-columns-is-layout-9d6595d7 wp-block-columns-is-layout-flex\">\n<div class=\"wp-block-column is-vertically-aligned-top is-layout-flow wp-block-column-is-layout-flow\">\n<div class=\"wp-block-group ssg-statistic is-content-justification-center is-layout-constrained wp-block-group-is-layout-constrained\">\n<p class=\"font-classic-bold has-ssg-huge-font-size\">130+<\/p>\n\n\n\n<p class=\"has-ssg-4-xl-font-size\">collectivit\u00e9s<\/p>\n<\/div>\n<\/div>\n\n\n\n<div class=\"wp-block-column is-vertically-aligned-top is-layout-flow wp-block-column-is-layout-flow\">\n<div class=\"wp-block-group ssg-statistic is-content-justification-center is-layout-constrained wp-block-group-is-layout-constrained\">\n<p class=\"font-classic-bold has-ssg-huge-font-size\">250+<\/p>\n\n\n\n<p class=\"has-ssg-4-xl-font-size\">projets d\u2019action climatique<\/p>\n<\/div>\n<\/div>\n<\/div>\n<\/div>\n\n\n<div  class=\"ssg-spacer h-8 xl:h-16 \"><\/div>\n<\/section>\n\n\n<div  class=\"ssg-spacer h-16 xl:h-24 \"><\/div>\n<\/section>\n\n\n<div  class=\"ssg-spacer h-16 xl:h-24 \"><\/div>\n\n\n\n<div class=\"wp-block-group ssg-two-column-heading-text is-layout-constrained wp-block-group-is-layout-constrained\">\n<div class=\"wp-block-columns is-layout-flex wp-container-core-columns-is-layout-9d6595d7 wp-block-columns-is-layout-flex\">\n<div class=\"wp-block-column !mb-4 xl:!mb-0 pl-2 xl:pl-4 border-l-solid border-l-foreground border-l dark:border-l-background is-layout-flow wp-block-column-is-layout-flow\">\n<h2 class=\"wp-block-heading m-0\">Nous joindre<\/h2>\n<\/div>\n\n\n\n<div class=\"wp-block-column is-layout-constrained wp-block-column-is-layout-constrained\">\n<div class=\"wp-block-group pl-2 xl:pl-4 border-l-solid border-l-foreground border-l dark:border-l-background is-layout-flow wp-block-group-is-layout-flow\">\n<p class=\"has-ssg-4-xl-font-size\">Vous avez des questions sur nos services? Vous voulez en savoir plus sur la fa\u00e7on dont nous pouvons vous aider?<\/p>\n<\/div>\n\n\n<div  class=\"ssg-spacer h-4 xl:h-8 \"><\/div>\n\n\n\n<div class=\"wp-block-buttons is-layout-flex wp-block-buttons-is-layout-flex\">\n<div class=\"wp-block-button\"><a class=\"wp-block-button__link wp-element-button\" href=\"#contact-form\" rel=\" nofollow\">Contactez nous<\/a><\/div>\n<\/div>\n<\/div>\n<\/div>\n<\/div>\n\n\n<div  class=\"ssg-spacer h-16 xl:h-24 \"><\/div>\n","protected":false},"excerpt":{"rendered":"<p>Nous dotons les collectivit\u00e9s et les organisations des outils n\u00e9cessaires pour se pr\u00e9parer proactivement \u00e0 la crise climatique, att\u00e9nuer ses effets, y r\u00e9pondre activement. Nous facilitons la prise de d\u00e9cisions et d\u2019actions en aidant nos clients \u00e0 naviguer les enjeux de notre \u00e9poque avec confiance et clart\u00e9. SSG en chiffres Depuis plus de 20 ans,<a href=\"https:\/\/ssg.coop\/fr\/nos-services\/\">Continuer la lecture <span class=\"sr-only\">\u00ab\u00a0Nos services\u00a0\u00bb<\/span><\/a><\/p>\n","protected":false},"author":1,"featured_media":13175,"parent":0,"menu_order":9,"comment_status":"closed","ping_status":"closed","template":"","meta":{"_acf_changed":false,"om_disable_all_campaigns":false,"inline_featured_image":false,"_monsterinsights_skip_tracking":false,"_monsterinsights_sitenote_active":false,"_monsterinsights_sitenote_note":"","_monsterinsights_sitenote_category":0,"footnotes":""},"class_list":["post-15809","page","type-page","status-publish","has-post-thumbnail","hentry"],"acf":[],"aioseo_notices":[],"_links":{"self":[{"href":"https:\/\/ssg.coop\/fr\/wp-json\/wp\/v2\/pages\/15809","targetHints":{"allow":["GET"]}}],"collection":[{"href":"https:\/\/ssg.coop\/fr\/wp-json\/wp\/v2\/pages"}],"about":[{"href":"https:\/\/ssg.coop\/fr\/wp-json\/wp\/v2\/types\/page"}],"author":[{"embeddable":true,"href":"https:\/\/ssg.coop\/fr\/wp-json\/wp\/v2\/users\/1"}],"replies":[{"embeddable":true,"href":"https:\/\/ssg.coop\/fr\/wp-json\/wp\/v2\/comments?post=15809"}],"version-history":[{"count":14,"href":"https:\/\/ssg.coop\/fr\/wp-json\/wp\/v2\/pages\/15809\/revisions"}],"predecessor-version":[{"id":16438,"href":"https:\/\/ssg.coop\/fr\/wp-json\/wp\/v2\/pages\/15809\/revisions\/16438"}],"wp:featuredmedia":[{"embeddable":true,"href":"https:\/\/ssg.coop\/fr\/wp-json\/wp\/v2\/media\/13175"}],"wp:attachment":[{"href":"https:\/\/ssg.coop\/fr\/wp-json\/wp\/v2\/media?parent=15809"}],"curies":[{"name":"wp","href":"https:\/\/api.w.org\/{rel}","templated":true}]}}