{"id":15784,"date":"2024-03-19T00:18:52","date_gmt":"2024-03-19T07:18:52","guid":{"rendered":"https:\/\/ssg.coop\/qui-sommes-nous\/"},"modified":"2025-08-14T09:47:18","modified_gmt":"2025-08-14T16:47:18","slug":"qui-sommes-nous","status":"publish","type":"page","link":"https:\/\/ssg.coop\/fr\/qui-sommes-nous\/","title":{"rendered":"Qui sommes-nous ?"},"content":{"rendered":"\n<div class=\"wp-block-group is-layout-constrained wp-block-group-is-layout-constrained\"><h1 class=\"wp-block-post-title\">Qui sommes-nous ?<\/h1>\n\n<div  class=\"ssg-spacer h-8 xl:h-16 \"><\/div>\n\n\n\n<div class=\"wp-block-group ssg-one-column-intro is-layout-constrained wp-block-group-is-layout-constrained\">\n<div class=\"wp-block-columns is-layout-flex wp-container-core-columns-is-layout-9d6595d7 wp-block-columns-is-layout-flex\">\n<div class=\"wp-block-column pl-2 xl:pl-4 border-l-solid border-l-foreground border-l dark:border-l-background is-layout-flow wp-block-column-is-layout-flow\">\n<p class=\"text-3xl xl:text-h3 leading-h4 xl:leading-h3 has-ssg-4-xl-font-size\">Coop SSG est une entreprise conseil en planification climatique reconnue qui \u0153uvre \u00e0 cr\u00e9er un monde d\u00e9carbon\u00e9 o\u00f9 les personnes et les \u00e9cosyst\u00e8mes peuvent s\u2019\u00e9panouir. <\/p>\n<\/div>\n\n\n\n<div class=\"wp-block-column is-layout-flow wp-block-column-is-layout-flow\"><\/div>\n<\/div>\n<\/div>\n<\/div>\n\n\n<div  class=\"ssg-spacer h-8 xl:h-16 \"><\/div>\n\n\n\n<section class=\"wp-block-group ssg-two-column-text-image is-layout-constrained wp-block-group-is-layout-constrained\">\n<div class=\"wp-block-columns gap-4 xl:gap-8 is-layout-flex wp-container-core-columns-is-layout-9d6595d7 wp-block-columns-is-layout-flex\">\n<div class=\"wp-block-column p-8 rounded-xl has-ssg-grey-100-background-color has-background is-layout-flow wp-block-column-is-layout-flow\" style=\"flex-basis:50vw\">\n<h2 class=\"wp-block-heading\">Nous aidons nos clients \u00e0 b\u00e2tir des collectivit\u00e9s d\u00e9carbon\u00e9es, \u00e9quitables et r\u00e9silientes.<\/h2>\n\n\n\n<p class=\"font-classic has-ssg-4-xl-font-size\">Partout en Am\u00e9rique, nous travaillons avec les municipalit\u00e9s, les gouvernements provinciaux, les \u00c9tats, les grandes organisations et les \u00e9tablissements postsecondaires pour catalyser des actions climatiques permettant de r\u00e9duire les in\u00e9galit\u00e9s, soutenir l\u2019activit\u00e9 \u00e9conomiques et am\u00e9liorer la qualit\u00e9 de vie.<\/p>\n<\/div>\n\n\n\n<div class=\"wp-block-column is-layout-flow wp-block-column-is-layout-flow\" style=\"flex-basis:50vw\">\n<figure class=\"wp-block-image size-full is-style-rounded\"><img loading=\"lazy\" decoding=\"async\" width=\"3508\" height=\"2481\" src=\"https:\/\/ssg.coop\/wp-content\/uploads\/2024\/09\/rebranding-patterns-and-colours-2.png\" alt=\"\" class=\"wp-image-13692\" style=\"aspect-ratio:1;object-fit:cover\" srcset=\"https:\/\/ssg.coop\/wp-content\/uploads\/2024\/09\/rebranding-patterns-and-colours-2.png 3508w, https:\/\/ssg.coop\/wp-content\/uploads\/2024\/09\/rebranding-patterns-and-colours-2-300x212.png 300w, https:\/\/ssg.coop\/wp-content\/uploads\/2024\/09\/rebranding-patterns-and-colours-2-1024x724.png 1024w, https:\/\/ssg.coop\/wp-content\/uploads\/2024\/09\/rebranding-patterns-and-colours-2-768x543.png 768w, https:\/\/ssg.coop\/wp-content\/uploads\/2024\/09\/rebranding-patterns-and-colours-2-1536x1086.png 1536w, https:\/\/ssg.coop\/wp-content\/uploads\/2024\/09\/rebranding-patterns-and-colours-2-2048x1448.png 2048w\" sizes=\"auto, (max-width: 3508px) 100vw, 3508px\" \/><\/figure>\n<\/div>\n<\/div>\n<\/section>\n\n\n<div  class=\"ssg-spacer h-16 xl:h-24 \"><\/div>\n\n\n\n<div class=\"wp-block-group ssg-two-column-heading-text is-layout-constrained wp-block-group-is-layout-constrained\">\n<div class=\"wp-block-columns is-layout-flex wp-container-core-columns-is-layout-9d6595d7 wp-block-columns-is-layout-flex\">\n<div class=\"wp-block-column !mb-4 xl:!mb-0 pl-2 xl:pl-4 border-l-solid border-l-foreground border-l dark:border-l-background is-layout-flow wp-block-column-is-layout-flow\" style=\"flex-basis:33%\">\n<h2 class=\"wp-block-heading m-0\">Les personnes derri\u00e8re Coop SSG<\/h2>\n<\/div>\n\n\n\n<div class=\"wp-block-column is-layout-constrained wp-block-column-is-layout-constrained\">\n<div class=\"wp-block-group pl-2 xl:pl-4 border-l-solid border-l-foreground border-l dark:border-l-background is-layout-flow wp-block-group-is-layout-flow\">\n<p class=\"has-ssg-4-xl-font-size\">Coop SSG est une coop\u00e9rative de travail comptant plus d\u2019une trentaine de membres et d\u2019employ\u00e9-e-s. Nous misons sur la pluralit\u00e9 de nos disciplines, personnalit\u00e9s, cultures et expertises pour soutenir nos clients dans l\u2019\u00e9laboration de leurs actions climatiques. <\/p>\n<\/div>\n<\/div>\n<\/div>\n<\/div>\n\n\n<div  class=\"ssg-spacer h-16 xl:h-24 \"><\/div>\n\n\n\n<section class=\"wp-block-group ssg-large-image-links is-layout-constrained wp-block-group-is-layout-constrained\">\n<div class=\"wp-block-columns gap-4 xl:gap-8 is-layout-flex wp-container-core-columns-is-layout-9d6595d7 wp-block-columns-is-layout-flex\">\n<div class=\"wp-block-column is-layout-flow wp-block-column-is-layout-flow\" style=\"flex-basis:50vw\">\n<div class=\"wp-block-cover is-light flex flex-col justify-end p-8 xl:p-16 rounded-xl border-foreground border-solid border dark:border-background\"><img loading=\"lazy\" decoding=\"async\" width=\"5334\" height=\"3334\" class=\"wp-block-cover__image-background wp-image-13705\" alt=\"\" src=\"https:\/\/ssg.coop\/wp-content\/uploads\/2024\/09\/servicespattern-1.png\" data-object-fit=\"cover\" srcset=\"https:\/\/ssg.coop\/wp-content\/uploads\/2024\/09\/servicespattern-1.png 5334w, https:\/\/ssg.coop\/wp-content\/uploads\/2024\/09\/servicespattern-1-300x188.png 300w, https:\/\/ssg.coop\/wp-content\/uploads\/2024\/09\/servicespattern-1-1024x640.png 1024w, https:\/\/ssg.coop\/wp-content\/uploads\/2024\/09\/servicespattern-1-768x480.png 768w, https:\/\/ssg.coop\/wp-content\/uploads\/2024\/09\/servicespattern-1-1536x960.png 1536w, https:\/\/ssg.coop\/wp-content\/uploads\/2024\/09\/servicespattern-1-2048x1280.png 2048w\" sizes=\"auto, (max-width: 5334px) 100vw, 5334px\" \/><span aria-hidden=\"true\" class=\"wp-block-cover__background has-ssg-grey-100-background-color has-background-dim-0 has-background-dim\"><\/span><div class=\"wp-block-cover__inner-container is-layout-constrained wp-block-cover-is-layout-constrained\">\n<hr class=\"wp-block-separator has-text-color has-foreground-color has-alpha-channel-opacity has-foreground-background-color has-background mb-4\"\/>\n\n\n\n<div class=\"wp-block-columns is-not-stacked-on-mobile is-layout-flex wp-container-core-columns-is-layout-9d6595d7 wp-block-columns-is-layout-flex\">\n<div class=\"wp-block-column is-vertically-aligned-center is-layout-flow wp-block-column-is-layout-flow\" style=\"flex-basis:66.66%\">\n<p class=\"has-text-align-left mt-6 has-ssg-7-xl-font-size\"><a href=\"https:\/\/ssg.coop\/fr\/voici-notre-equipe\/\" title=\"Voici notre \u00e9quipe\">Notre \u00e9quipe<\/a><\/p>\n<\/div>\n\n\n\n<div class=\"wp-block-column is-vertically-aligned-center is-layout-flow wp-block-column-is-layout-flow\" style=\"flex-basis:33.33%\">\n<p class=\"has-text-align-right pt-2 has-ssg-4-xl-font-size\"><a href=\"https:\/\/ssg.coop\/fr\/voici-notre-equipe\/\" title=\"Notre \u00e9quipe\">-&gt;<\/a><\/p>\n<\/div>\n<\/div>\n\n\n\n<hr class=\"wp-block-separator has-text-color has-foreground-color has-alpha-channel-opacity has-foreground-background-color has-background mt-4\"\/>\n<\/div><\/div>\n<\/div>\n\n\n\n<div class=\"wp-block-column is-layout-flow wp-block-column-is-layout-flow\" style=\"flex-basis:50vw\">\n<div class=\"wp-block-cover is-light flex flex-col justify-end p-8 xl:p-16 rounded-xl border-foreground border-solid border dark:border-background\"><img loading=\"lazy\" decoding=\"async\" width=\"5334\" height=\"3334\" class=\"wp-block-cover__image-background wp-image-13705\" alt=\"\" src=\"https:\/\/ssg.coop\/wp-content\/uploads\/2024\/09\/servicespattern-1.png\" data-object-fit=\"cover\" srcset=\"https:\/\/ssg.coop\/wp-content\/uploads\/2024\/09\/servicespattern-1.png 5334w, https:\/\/ssg.coop\/wp-content\/uploads\/2024\/09\/servicespattern-1-300x188.png 300w, https:\/\/ssg.coop\/wp-content\/uploads\/2024\/09\/servicespattern-1-1024x640.png 1024w, https:\/\/ssg.coop\/wp-content\/uploads\/2024\/09\/servicespattern-1-768x480.png 768w, https:\/\/ssg.coop\/wp-content\/uploads\/2024\/09\/servicespattern-1-1536x960.png 1536w, https:\/\/ssg.coop\/wp-content\/uploads\/2024\/09\/servicespattern-1-2048x1280.png 2048w\" sizes=\"auto, (max-width: 5334px) 100vw, 5334px\" \/><span aria-hidden=\"true\" class=\"wp-block-cover__background has-ssg-grey-100-background-color has-background-dim-0 has-background-dim\"><\/span><div class=\"wp-block-cover__inner-container is-layout-constrained wp-block-cover-is-layout-constrained\">\n<hr class=\"wp-block-separator has-text-color has-foreground-color has-alpha-channel-opacity has-foreground-background-color has-background mb-4\"\/>\n\n\n\n<div class=\"wp-block-columns is-not-stacked-on-mobile is-layout-flex wp-container-core-columns-is-layout-9d6595d7 wp-block-columns-is-layout-flex\">\n<div class=\"wp-block-column is-vertically-aligned-center is-layout-flow wp-block-column-is-layout-flow\" style=\"flex-basis:66.66%\">\n<p class=\"has-text-align-left mt-6 has-ssg-7-xl-font-size\"><a href=\"https:\/\/ssg.coop\/fr\/rejoignez-notre-equipe\/\" title=\"Carri\u00e8res\">Carri\u00e8res<\/a><\/p>\n<\/div>\n\n\n\n<div class=\"wp-block-column is-vertically-aligned-center is-layout-flow wp-block-column-is-layout-flow\" style=\"flex-basis:33.33%\">\n<p class=\"has-text-align-right has-ssg-4-xl-font-size\"><a href=\"https:\/\/ssg.coop\/fr\/voici-notre-equipe\/\" title=\"Notre \u00e9quipe\">-&gt;<\/a><\/p>\n<\/div>\n<\/div>\n\n\n\n<hr class=\"wp-block-separator has-text-color has-foreground-color has-alpha-channel-opacity has-foreground-background-color has-background mt-4\"\/>\n<\/div><\/div>\n<\/div>\n<\/div>\n<\/section>\n\n\n<div  class=\"ssg-spacer h-16 xl:h-24 \"><\/div>\n\n\n\n<div class=\"wp-block-group ssg-two-column-heading-text is-layout-constrained wp-block-group-is-layout-constrained\">\n<div class=\"wp-block-columns is-layout-flex wp-container-core-columns-is-layout-9d6595d7 wp-block-columns-is-layout-flex\">\n<div class=\"wp-block-column !mb-4 xl:!mb-0 pl-2 xl:pl-4 border-l-solid border-l-foreground border-l dark:border-l-background is-layout-flow wp-block-column-is-layout-flow\" style=\"flex-basis:40%\">\n<h2 class=\"wp-block-heading m-0\">Coop\u00e9rative<\/h2>\n<\/div>\n\n\n\n<div class=\"wp-block-column is-layout-constrained wp-block-column-is-layout-constrained\">\n<div class=\"wp-block-group pl-2 xl:pl-4 border-l-solid border-l-foreground border-l dark:border-l-background is-layout-flow wp-block-group-is-layout-flow\">\n<p class=\"has-ssg-4-xl-font-size\">C\u2019est en 2001 que notre \u00e9quipe fondatrice a form\u00e9 la coop\u00e9rative de travail Coop SSG, mue par la conviction que seul un changement syst\u00e9mique pouvait rem\u00e9dier aux plus grands d\u00e9fis de notre \u00e9poque.<\/p>\n<\/div>\n<\/div>\n<\/div>\n<\/div>\n\n\n<div  class=\"ssg-spacer h-16 xl:h-24 \"><\/div>\n\n\n\n<section class=\"wp-block-group ssg-two-column-text-image is-layout-constrained wp-block-group-is-layout-constrained\">\n<div class=\"wp-block-columns gap-4 xl:gap-8 p-0 has-ssg-yellow-background-color has-background is-layout-flex wp-container-core-columns-is-layout-9d6595d7 wp-block-columns-is-layout-flex\">\n<div class=\"wp-block-column p-8 rounded-xl is-layout-flow wp-block-column-is-layout-flow\" style=\"flex-basis:50%\">\n<p class=\"has-ssg-4-xl-font-size\">Refusant la qu\u00eate de la croissance \u00e9conomique infinie qui contribue \u00e0 la crise climatique, nous avons pour priorit\u00e9 d\u2019offrir \u00e0 nos membres un travail int\u00e9ressant et riche de sens.<\/p>\n\n\n\n<p class=\"font-classic has-ssg-4-xl-font-size\">Selon nous, trois cl\u00e9s sont indispensables pour cr\u00e9er des solutions \u00e9quitables \u00e0 la crise climatique : des prises de d\u00e9cisions d\u00e9mocratiques, une participation juste et un milieu de travail bienveillant.<\/p>\n<\/div>\n\n\n\n<div class=\"wp-block-column is-layout-flow wp-block-column-is-layout-flow\" style=\"flex-basis:50%\">\n<figure class=\"wp-block-image size-full\"><img loading=\"lazy\" decoding=\"async\" width=\"3375\" height=\"3378\" src=\"https:\/\/ssg.coop\/wp-content\/uploads\/2024\/10\/project-image.png\" alt=\"\" class=\"wp-image-14571\" srcset=\"https:\/\/ssg.coop\/wp-content\/uploads\/2024\/10\/project-image.png 3375w, https:\/\/ssg.coop\/wp-content\/uploads\/2024\/10\/project-image-300x300.png 300w, https:\/\/ssg.coop\/wp-content\/uploads\/2024\/10\/project-image-1024x1024.png 1024w, https:\/\/ssg.coop\/wp-content\/uploads\/2024\/10\/project-image-150x150.png 150w, https:\/\/ssg.coop\/wp-content\/uploads\/2024\/10\/project-image-768x769.png 768w, https:\/\/ssg.coop\/wp-content\/uploads\/2024\/10\/project-image-1536x1536.png 1536w, https:\/\/ssg.coop\/wp-content\/uploads\/2024\/10\/project-image-2046x2048.png 2046w, https:\/\/ssg.coop\/wp-content\/uploads\/2024\/10\/project-image-56x56.png 56w, https:\/\/ssg.coop\/wp-content\/uploads\/2024\/10\/project-image-500x500.png 500w\" sizes=\"auto, (max-width: 3375px) 100vw, 3375px\" \/><\/figure>\n<\/div>\n<\/div>\n<\/section>\n\n\n<div  class=\"ssg-spacer h-16 xl:h-32 \"><\/div>\n\n\n\n<div class=\"wp-block-group ssg-two-column-heading-text is-layout-constrained wp-block-group-is-layout-constrained\">\n<div class=\"wp-block-columns is-layout-flex wp-container-core-columns-is-layout-9d6595d7 wp-block-columns-is-layout-flex\">\n<div class=\"wp-block-column !mb-4 xl:!mb-0 pl-2 xl:pl-4 border-l-solid border-l-foreground border-l dark:border-l-background is-layout-flow wp-block-column-is-layout-flow\" style=\"flex-basis:40%\">\n<h2 class=\"wp-block-heading m-0\">Transition juste<\/h2>\n<\/div>\n\n\n\n<div class=\"wp-block-column is-layout-constrained wp-block-column-is-layout-constrained\">\n<div class=\"wp-block-group pl-2 xl:pl-4 border-l-solid border-l-foreground border-l dark:border-l-background is-layout-flow wp-block-group-is-layout-flow\">\n<p class=\"has-ssg-4-xl-font-size\">Notre \u00e9quipe est r\u00e9solue \u00e0 lutter pour la justice sociale et environnementale au travers de son travail et de son fonctionnement.<\/p>\n<\/div>\n<\/div>\n<\/div>\n<\/div>\n\n\n<div  class=\"ssg-spacer h-16 xl:h-32 \"><\/div>\n\n\n\n<section class=\"wp-block-group ssg-offset-two-column-text-image is-layout-constrained wp-block-group-is-layout-constrained\">\n<div class=\"wp-block-columns gap-8 is-layout-flex wp-container-core-columns-is-layout-9d6595d7 wp-block-columns-is-layout-flex\">\n<div class=\"wp-block-column is-layout-flow wp-block-column-is-layout-flow\">\n<p class=\"has-ssg-4-xl-font-size\">Nous publions un bon nombre de nos rapports sous une licence Creative Commons et proposons des outils \u00e0 code source ouvert.<\/p>\n\n\n\n<p class=\"has-ssg-4-xl-font-size\">Nous choisissons des projets qui \u00e9branlent le statu quo et font progresser nos connaissances et nos actions en mati\u00e8re de changements climatiques.<\/p>\n\n\n\n<p class=\"has-ssg-4-xl-font-size\">Nous avons \u00e0 c\u0153ur de maintenir un milieu de travail professionnel o\u00f9 nous reconnaissons la valeur de chaque membre de l\u2019\u00e9quipe, garantissons l\u2019\u00e9galit\u00e9 des droits et des chances pour tout le monde et, enfin, luttons activement contre l\u2019oppression par des mesures p\u00e9rennes et porteuses.<\/p>\n<\/div>\n\n\n\n<div class=\"wp-block-column flex flex-col justify-end pt-8 xl:pt-0 is-layout-flow wp-block-column-is-layout-flow\">\n<div aria-hidden=\"true\" class=\"wp-block-fsb-flexible-spacer fsb-flexible-spacer\"><div class=\"fsb-flexible-spacer__device fsb-flexible-spacer__device--lg\" style=\"height:200px\"><\/div><div class=\"fsb-flexible-spacer__device fsb-flexible-spacer__device--md\" style=\"height:0px\"><\/div><div class=\"fsb-flexible-spacer__device fsb-flexible-spacer__device--sm\" style=\"height:0px\"><\/div><\/div>\n\n\n\n<figure class=\"wp-block-image size-full is-style-rounded\"><img loading=\"lazy\" decoding=\"async\" width=\"3406\" height=\"3333\" src=\"https:\/\/ssg.coop\/wp-content\/uploads\/2024\/10\/U_Albany_AdobeStock_258735144-1-e1728931246944.png\" alt=\"\" class=\"wp-image-14569\" style=\"aspect-ratio:1;object-fit:cover\" srcset=\"https:\/\/ssg.coop\/wp-content\/uploads\/2024\/10\/U_Albany_AdobeStock_258735144-1-e1728931246944.png 3406w, https:\/\/ssg.coop\/wp-content\/uploads\/2024\/10\/U_Albany_AdobeStock_258735144-1-e1728931246944-300x294.png 300w, https:\/\/ssg.coop\/wp-content\/uploads\/2024\/10\/U_Albany_AdobeStock_258735144-1-e1728931246944-1024x1002.png 1024w, https:\/\/ssg.coop\/wp-content\/uploads\/2024\/10\/U_Albany_AdobeStock_258735144-1-e1728931246944-768x752.png 768w, https:\/\/ssg.coop\/wp-content\/uploads\/2024\/10\/U_Albany_AdobeStock_258735144-1-e1728931246944-1536x1503.png 1536w, https:\/\/ssg.coop\/wp-content\/uploads\/2024\/10\/U_Albany_AdobeStock_258735144-1-e1728931246944-2048x2004.png 2048w, https:\/\/ssg.coop\/wp-content\/uploads\/2024\/10\/U_Albany_AdobeStock_258735144-1-e1728931246944-56x56.png 56w\" sizes=\"auto, (max-width: 3406px) 100vw, 3406px\" \/><\/figure>\n<\/div>\n<\/div>\n<\/section>\n\n\n<div  class=\"ssg-spacer h-16 xl:h-32 \"><\/div>\n\n\n\n<div class=\"wp-block-group ssg-two-column-heading-text is-layout-constrained wp-block-group-is-layout-constrained\">\n<div class=\"wp-block-columns is-layout-flex wp-container-core-columns-is-layout-9d6595d7 wp-block-columns-is-layout-flex\">\n<div class=\"wp-block-column !mb-4 xl:!mb-0 pl-2 xl:pl-4 border-l-solid border-l-foreground border-l dark:border-l-background is-layout-flow wp-block-column-is-layout-flow\" style=\"flex-basis:40%\">\n<h2 class=\"wp-block-heading m-0\">Durabilit\u00e9<\/h2>\n<\/div>\n\n\n\n<div class=\"wp-block-column is-layout-constrained wp-block-column-is-layout-constrained\">\n<div class=\"wp-block-group pl-2 xl:pl-4 border-l-solid border-l-foreground border-l dark:border-l-background is-layout-flow wp-block-group-is-layout-flow\">\n<p class=\"has-ssg-4-xl-font-size\">La durabilit\u00e9 r\u00e9side au c\u0153ur de Coop SSG : c\u2019est la pierre angulaire de tout notre travail. C\u2019est pourquoi nous d\u00e9ployons nos efforts pour int\u00e9grer \u00e0 notre organisation des pratiques et des politiques \u00e9clair\u00e9es par les plus r\u00e9centes avanc\u00e9es dans le domaine. <\/p>\n<\/div>\n<\/div>\n<\/div>\n<\/div>\n\n\n<div  class=\"ssg-spacer h-16 xl:h-48 \"><\/div>\n\n\n\n<div class=\"wp-block-group ssg-two-column-heading-text is-layout-constrained wp-block-group-is-layout-constrained\">\n<div class=\"wp-block-columns is-layout-flex wp-container-core-columns-is-layout-9d6595d7 wp-block-columns-is-layout-flex\">\n<div class=\"wp-block-column !mb-4 xl:!mb-0 pl-2 xl:pl-4 border-l-solid border-l-foreground border-l dark:border-l-background is-layout-flow wp-block-column-is-layout-flow\" style=\"flex-basis:40%\">\n<h2 class=\"wp-block-heading m-0\">Nous joindre<\/h2>\n<\/div>\n\n\n\n<div class=\"wp-block-column is-layout-constrained wp-block-column-is-layout-constrained\">\n<div class=\"wp-block-group pl-2 xl:pl-4 border-l-solid border-l-foreground border-l dark:border-l-background is-layout-flow wp-block-group-is-layout-flow\">\n<p class=\"has-ssg-4-xl-font-size\">Vous vous demandez comment notre coop\u00e9rative peut accompagner votre collectivit\u00e9 vers un monde \u00e9quitable, r\u00e9silient et d\u00e9carbon\u00e9? <\/p>\n<\/div>\n\n\n<div  class=\"ssg-spacer h-4 xl:h-8 \"><\/div>\n\n\n\n<div class=\"wp-block-buttons is-layout-flex wp-block-buttons-is-layout-flex\">\n<div class=\"wp-block-button\"><a class=\"wp-block-button__link wp-element-button\" href=\"#contact-form\" rel=\" nofollow\">Contactez nous<\/a><\/div>\n<\/div>\n<\/div>\n<\/div>\n<\/div>\n\n\n<div  class=\"ssg-spacer h-16 xl:h-24 \"><\/div>\n","protected":false},"excerpt":{"rendered":"<p>Coop SSG est une entreprise conseil en planification climatique reconnue qui \u0153uvre \u00e0 cr\u00e9er un monde d\u00e9carbon\u00e9 o\u00f9 les personnes et les \u00e9cosyst\u00e8mes peuvent s\u2019\u00e9panouir. Nous aidons nos clients \u00e0 b\u00e2tir des collectivit\u00e9s d\u00e9carbon\u00e9es, \u00e9quitables et r\u00e9silientes. Partout en Am\u00e9rique, nous travaillons avec les municipalit\u00e9s, les gouvernements provinciaux, les \u00c9tats, les grandes organisations et les<a href=\"https:\/\/ssg.coop\/fr\/qui-sommes-nous\/\">Continuer la lecture <span class=\"sr-only\">\u00ab\u00a0Qui sommes-nous ?\u00a0\u00bb<\/span><\/a><\/p>\n","protected":false},"author":1,"featured_media":17439,"parent":0,"menu_order":1,"comment_status":"closed","ping_status":"closed","template":"","meta":{"_acf_changed":false,"om_disable_all_campaigns":false,"inline_featured_image":false,"_monsterinsights_skip_tracking":false,"_monsterinsights_sitenote_active":false,"_monsterinsights_sitenote_note":"","_monsterinsights_sitenote_category":0,"footnotes":""},"class_list":["post-15784","page","type-page","status-publish","has-post-thumbnail","hentry"],"acf":[],"aioseo_notices":[],"_links":{"self":[{"href":"https:\/\/ssg.coop\/fr\/wp-json\/wp\/v2\/pages\/15784","targetHints":{"allow":["GET"]}}],"collection":[{"href":"https:\/\/ssg.coop\/fr\/wp-json\/wp\/v2\/pages"}],"about":[{"href":"https:\/\/ssg.coop\/fr\/wp-json\/wp\/v2\/types\/page"}],"author":[{"embeddable":true,"href":"https:\/\/ssg.coop\/fr\/wp-json\/wp\/v2\/users\/1"}],"replies":[{"embeddable":true,"href":"https:\/\/ssg.coop\/fr\/wp-json\/wp\/v2\/comments?post=15784"}],"version-history":[{"count":32,"href":"https:\/\/ssg.coop\/fr\/wp-json\/wp\/v2\/pages\/15784\/revisions"}],"predecessor-version":[{"id":17115,"href":"https:\/\/ssg.coop\/fr\/wp-json\/wp\/v2\/pages\/15784\/revisions\/17115"}],"wp:featuredmedia":[{"embeddable":true,"href":"https:\/\/ssg.coop\/fr\/wp-json\/wp\/v2\/media\/17439"}],"wp:attachment":[{"href":"https:\/\/ssg.coop\/fr\/wp-json\/wp\/v2\/media?parent=15784"}],"curies":[{"name":"wp","href":"https:\/\/api.w.org\/{rel}","templated":true}]}}