{"id":16188,"date":"2024-04-24T06:27:09","date_gmt":"2024-04-24T13:27:09","guid":{"rendered":"https:\/\/ssg.coop\/unete-a-nuestro-equipo\/"},"modified":"2025-11-21T14:05:49","modified_gmt":"2025-11-21T22:05:49","slug":"careers","status":"publish","type":"page","link":"https:\/\/ssg.coop\/es\/careers\/","title":{"rendered":"\u00danete a nuestro equipo"},"content":{"rendered":"\n<div class=\"wp-block-group is-layout-constrained wp-block-group-is-layout-constrained\"><h1 class=\"wp-block-post-title\">\u00danete a nuestro equipo<\/h1>\n\n<div  class=\"ssg-spacer h-8 xl:h-16 \"><\/div>\n\n\n\n<div class=\"wp-block-buttons is-layout-flex wp-block-buttons-is-layout-flex\">\n<div class=\"wp-block-button is-style-outline is-style-outline--1\"><a class=\"wp-block-button__link has-background-background-color has-background wp-element-button\" href=\"#vacancies\">Oportunidades <\/a><\/div>\n<\/div>\n<\/div>\n<div  class=\"ssg-spacer h-16 xl:h-24 \"><\/div>\n\n<div class=\"wp-block-group is-layout-constrained wp-block-group-is-layout-constrained\">\n<figure class=\"wp-block-image size-full is-style-rounded\"><img loading=\"lazy\" decoding=\"async\" width=\"2073\" height=\"614\" src=\"https:\/\/ssg.coop\/wp-content\/uploads\/2023\/08\/IMG_6826-2-scaled-e1691003355445-1.jpg\" alt=\"\" class=\"wp-image-9301\" srcset=\"https:\/\/ssg.coop\/wp-content\/uploads\/2023\/08\/IMG_6826-2-scaled-e1691003355445-1.jpg 2073w, https:\/\/ssg.coop\/wp-content\/uploads\/2023\/08\/IMG_6826-2-scaled-e1691003355445-1-300x89.jpg 300w, https:\/\/ssg.coop\/wp-content\/uploads\/2023\/08\/IMG_6826-2-scaled-e1691003355445-1-768x227.jpg 768w, https:\/\/ssg.coop\/wp-content\/uploads\/2023\/08\/IMG_6826-2-scaled-e1691003355445-1-1024x303.jpg 1024w, https:\/\/ssg.coop\/wp-content\/uploads\/2023\/08\/IMG_6826-2-scaled-e1691003355445-1-1536x455.jpg 1536w, https:\/\/ssg.coop\/wp-content\/uploads\/2023\/08\/IMG_6826-2-scaled-e1691003355445-1-2048x607.jpg 2048w\" sizes=\"auto, (max-width: 2073px) 100vw, 2073px\" \/><\/figure>\n<\/div>\n<div  class=\"ssg-spacer h-16 xl:h-24 \"><\/div>\n\n<div class=\"wp-block-group ssg-two-column-heading-text is-layout-constrained wp-block-group-is-layout-constrained\">\n<div class=\"wp-block-columns is-layout-flex wp-container-core-columns-is-layout-9d6595d7 wp-block-columns-is-layout-flex\">\n<div class=\"wp-block-column !mb-4 xl:!mb-0 pl-2 xl:pl-4 border-l-solid border-l-foreground border-l dark:border-l-background is-layout-flow wp-block-column-is-layout-flow\" style=\"flex-basis:33%\">\n<h2 class=\"wp-block-heading m-0\">Qu\u00e9 hacemos<\/h2>\n<\/div>\n\n\n\n<div class=\"wp-block-column is-layout-constrained wp-block-column-is-layout-constrained\">\n<div class=\"wp-block-group pl-2 xl:pl-4 border-l-solid border-l-foreground border-l dark:border-l-background is-layout-flow wp-block-group-is-layout-flow\">\n<p class=\"has-ssg-4-xl-font-size\">SSG es una empresa de planificaci\u00f3n de acci\u00f3n clim\u00e1tica que ha sido premiada por su labor. SSG se dedica a crear un mundo descarbonizado en donde las personas y los ecosistemas puedan desarrollarse. <\/p>\n<\/div>\n<\/div>\n<\/div>\n<\/div>\n<div  class=\"ssg-spacer h-16 xl:h-24 \"><\/div>\n\n<section class=\"wp-block-group ssg-container has-ssg-grey-100-background-color has-background is-layout-flow wp-block-group-is-layout-flow\"><div  class=\"ssg-spacer h-16 xl:h-24 \"><\/div>\n\n\n\n<div class=\"wp-block-group ssg-quotation-left-aligned font-classic is-layout-constrained wp-block-group-is-layout-constrained\">\n<p class=\"has-text-align-left has-ssg-6-xl-font-size\">Las inquietudes ambientales est\u00e1n integradas en la organizaci\u00f3n [SSG], no soloen cuanto a la sustancia de los proyectos, sino tambi\u00e9n en cuanto a la autoevaluaci\u00f3n de las pr\u00e1cticas internas.<\/p>\n\n\n\n<p class=\"has-text-align-right leading-5xl has-ssg-4-xl-font-size\"><em><a href=\"https:\/\/www.emerald.com\/insight\/publication\/doi\/10.1108\/9781838678258\" target=\"_blank\" rel=\"noopener\" title=\"\">Cooperatives at Work (2023)<\/a><\/em><\/p>\n<\/div>\n\n\n<div  class=\"ssg-spacer h-16 xl:h-24 \"><\/div>\n<\/section>\n<div  class=\"ssg-spacer h-16 xl:h-32 \"><\/div>\n\n<div class=\"wp-block-group ssg-two-column-heading-text is-layout-constrained wp-block-group-is-layout-constrained\">\n<div class=\"wp-block-columns is-layout-flex wp-container-core-columns-is-layout-9d6595d7 wp-block-columns-is-layout-flex\">\n<div class=\"wp-block-column !mb-4 xl:!mb-0 pl-2 xl:pl-4 border-l-solid border-l-foreground border-l dark:border-l-background is-layout-flow wp-block-column-is-layout-flow\" style=\"flex-basis:33%\">\n<h2 class=\"wp-block-heading m-0\">IDEA<\/h2>\n<\/div>\n\n\n\n<div class=\"wp-block-column is-layout-constrained wp-block-column-is-layout-constrained\">\n<div class=\"wp-block-group pl-2 xl:pl-4 border-l-solid border-l-foreground border-l dark:border-l-background is-layout-flow wp-block-group-is-layout-flow\">\n<p class=\"has-ssg-4-xl-font-size\">En SSG, tenemos el compromiso de cultivar un entorno laboral que sea inclusivo, diverso, equitativo y accesible.<\/p>\n<\/div>\n<\/div>\n<\/div>\n<\/div>\n<div  class=\"ssg-spacer h-16 xl:h-24 \"><\/div>\n\n<section class=\"wp-block-group ssg-offset-two-column-text-image is-layout-constrained wp-block-group-is-layout-constrained\">\n<div class=\"wp-block-columns gap-8 is-layout-flex wp-container-core-columns-is-layout-9d6595d7 wp-block-columns-is-layout-flex\">\n<div class=\"wp-block-column is-layout-flow wp-block-column-is-layout-flow\">\n<p class=\"font-classic has-ssg-3-xl-font-size\">En SSG, creemos que todas las personas tienen derecho a trabajar en un entorno inclusivo, donde se las trate con respeto y dignidad, sin ning\u00fan tipo de discriminaci\u00f3n. Promovemos un ambiente laboral profesional que valore la diversidad, impulse la igualdad de oportunidades y rechace cualquier pr\u00e1ctica ilegal o excluyente. <\/p>\n\n\n\n<p class=\"font-classic has-ssg-3-xl-font-size\">Sabemos que en los \u00e1mbitos en los que trabajamos \u2014como la sostenibilidad, el cambio clim\u00e1tico y la planificaci\u00f3n urbana\u2014, as\u00ed como en el sector cooperativo al que pertenecemos, los espacios de decisi\u00f3n siguen estando dominados mayoritariamente por personas blancas. Esto genera desigualdades y perpet\u00faa sesgos raciales tanto en el trabajo como en los lugares donde se desarrolla. Por eso, estamos comprometidos con buscar soluciones a los desaf\u00edos ambientales que no reproduzcan el racismo estructural ni profundicen las brechas sociales existentes. <\/p>\n<\/div>\n\n\n\n<div class=\"wp-block-column flex flex-col justify-end is-layout-flow wp-block-column-is-layout-flow\">\n<figure class=\"wp-block-image size-full is-style-rounded\"><img loading=\"lazy\" decoding=\"async\" width=\"2560\" height=\"1920\" src=\"https:\/\/ssg.coop\/wp-content\/uploads\/2025\/01\/Group1-1-scaled.jpg\" alt=\"\" class=\"wp-image-15198\" srcset=\"https:\/\/ssg.coop\/wp-content\/uploads\/2025\/01\/Group1-1-scaled.jpg 2560w, https:\/\/ssg.coop\/wp-content\/uploads\/2025\/01\/Group1-1-300x225.jpg 300w, https:\/\/ssg.coop\/wp-content\/uploads\/2025\/01\/Group1-1-1024x768.jpg 1024w, https:\/\/ssg.coop\/wp-content\/uploads\/2025\/01\/Group1-1-768x576.jpg 768w, https:\/\/ssg.coop\/wp-content\/uploads\/2025\/01\/Group1-1-1536x1152.jpg 1536w, https:\/\/ssg.coop\/wp-content\/uploads\/2025\/01\/Group1-1-2048x1536.jpg 2048w\" sizes=\"auto, (max-width: 2560px) 100vw, 2560px\" \/><\/figure>\n<\/div>\n<\/div>\n<\/section>\n<div  class=\"ssg-spacer h-16 xl:h-48 \"><\/div>\n\n<div id=\"vacancies\" class=\"wp-block-group ssg-two-column-heading-text is-layout-constrained wp-block-group-is-layout-constrained\">\n<div class=\"wp-block-columns is-layout-flex wp-container-core-columns-is-layout-9d6595d7 wp-block-columns-is-layout-flex\">\n<div class=\"wp-block-column !mb-4 xl:!mb-0 pl-2 xl:pl-4 border-l-solid border-l-foreground border-l dark:border-l-background is-layout-flow wp-block-column-is-layout-flow\" style=\"flex-basis:33%\">\n<h2 class=\"wp-block-heading m-0\">Oportunidades<\/h2>\n<\/div>\n\n\n\n<div class=\"wp-block-column is-layout-constrained wp-block-column-is-layout-constrained\">\n<div class=\"wp-block-group pl-2 xl:pl-4 border-l-solid border-l-foreground border-l dark:border-l-background is-layout-flow wp-block-group-is-layout-flow\">\n\n\n<p>No estamos contratando activamente para ning\u00fan puesto. Sin embargo, si te gustar\u00eda que te consideremos para futuras oportunidades de empleo, <a href=\"https:\/\/airtable.com\/app06CePg6gzWIwsx\/shriPBbV8r5nb8nxC\" target=\"_blank\" rel=\"noopener\" title=\"puedes manifestar tu inter&#xE9;s aqu&#xED;.\">puedes manifestar tu inter\u00e9s aqu\u00ed.<\/a><\/p>\n<\/div>\n<\/div>\n<\/div>\n<\/div>\n<div  class=\"ssg-spacer h-16 xl:h-24 \"><\/div>\n\n<div class=\"wp-block-group ssg-two-column-heading-text is-layout-constrained wp-block-group-is-layout-constrained\">\n<div class=\"wp-block-columns is-layout-flex wp-container-core-columns-is-layout-9d6595d7 wp-block-columns-is-layout-flex\">\n<div class=\"wp-block-column !mb-4 xl:!mb-0 pl-2 xl:pl-4 border-l-solid border-l-foreground border-l dark:border-l-background is-layout-flow wp-block-column-is-layout-flow\" style=\"flex-basis:33%\">\n<h2 class=\"wp-block-heading m-0\">Associates<\/h2>\n<\/div>\n\n\n\n<div class=\"wp-block-column is-layout-constrained wp-block-column-is-layout-constrained\">\n<div class=\"wp-block-group pl-2 xl:pl-4 border-l-solid border-l-foreground border-l dark:border-l-background is-layout-flow wp-block-group-is-layout-flow\">\n<h3 class=\"wp-block-heading\">SSG colabora con un grupo de asociados sumamente capacitados con experiencia en acci\u00f3n clim\u00e1tica y sostenibilidad. Buscamos el apoyo de los asociados por tiempo limitado para proyectos que exijan una capacidad adicional.  <\/h3>\n\n\n\n<p><a href=\"https:\/\/ssg.coop\/contact-us\/\" target=\"_blank\" rel=\"noopener\" title=\"Cont&#xE1;ctanos\">Manifiesta tu inter\u00e9s en asociarte con nosotros a trav\u00e9s de este formulario<\/a> y selecciona la opci\u00f3n \u201cAsociado general\/subcontratista\u201d. Postularse para ser asociado de SSG no es lo mismo que postularse para un empleo en SSG. Ten esto en cuenta cuando manifiestes tu inter\u00e9s. <\/p>\n<\/div>\n<\/div>\n<\/div>\n<\/div>\n<div  class=\"ssg-spacer h-8 xl:h-16 \"><\/div>\n","protected":false},"excerpt":{"rendered":"<p>Qu\u00e9 hacemos SSG es una empresa de planificaci\u00f3n de acci\u00f3n clim\u00e1tica que ha sido premiada por su labor. SSG se dedica a crear un mundo descarbonizado en donde las personas y los ecosistemas puedan desarrollarse. Las inquietudes ambientales est\u00e1n integradas en la organizaci\u00f3n [SSG], no soloen cuanto a la sustancia de los proyectos, sino tambi\u00e9n<a href=\"https:\/\/ssg.coop\/es\/careers\/\">Sigue leyendo <span class=\"sr-only\">\u00ab\u00danete a nuestro equipo\u00bb<\/span><\/a><\/p>\n","protected":false},"author":1,"featured_media":12264,"parent":0,"menu_order":0,"comment_status":"closed","ping_status":"closed","template":"","meta":{"_acf_changed":false,"om_disable_all_campaigns":false,"inline_featured_image":false,"_monsterinsights_skip_tracking":false,"_monsterinsights_sitenote_active":false,"_monsterinsights_sitenote_note":"","_monsterinsights_sitenote_category":0,"footnotes":""},"class_list":["post-16188","page","type-page","status-publish","has-post-thumbnail","hentry"],"acf":[],"aioseo_notices":[],"_links":{"self":[{"href":"https:\/\/ssg.coop\/es\/wp-json\/wp\/v2\/pages\/16188","targetHints":{"allow":["GET"]}}],"collection":[{"href":"https:\/\/ssg.coop\/es\/wp-json\/wp\/v2\/pages"}],"about":[{"href":"https:\/\/ssg.coop\/es\/wp-json\/wp\/v2\/types\/page"}],"author":[{"embeddable":true,"href":"https:\/\/ssg.coop\/es\/wp-json\/wp\/v2\/users\/1"}],"replies":[{"embeddable":true,"href":"https:\/\/ssg.coop\/es\/wp-json\/wp\/v2\/comments?post=16188"}],"version-history":[{"count":7,"href":"https:\/\/ssg.coop\/es\/wp-json\/wp\/v2\/pages\/16188\/revisions"}],"predecessor-version":[{"id":17438,"href":"https:\/\/ssg.coop\/es\/wp-json\/wp\/v2\/pages\/16188\/revisions\/17438"}],"wp:featuredmedia":[{"embeddable":true,"href":"https:\/\/ssg.coop\/es\/wp-json\/wp\/v2\/media\/12264"}],"wp:attachment":[{"href":"https:\/\/ssg.coop\/es\/wp-json\/wp\/v2\/media?parent=16188"}],"curies":[{"name":"wp","href":"https:\/\/api.w.org\/{rel}","templated":true}]}}