{"id":15813,"date":"2024-03-19T00:19:51","date_gmt":"2024-03-19T07:19:51","guid":{"rendered":"https:\/\/ssg.coop\/nuestras-herramientas\/"},"modified":"2025-05-19T15:18:00","modified_gmt":"2025-05-19T22:18:00","slug":"nuestras-herramientas","status":"publish","type":"page","link":"https:\/\/ssg.coop\/es\/nuestras-herramientas\/","title":{"rendered":"Nuestras herramientas"},"content":{"rendered":"\n<div class=\"wp-block-group is-layout-constrained wp-block-group-is-layout-constrained\"><h1 class=\"wp-block-post-title\">Nuestras herramientas<\/h1><\/div>\n\n\n<div  class=\"ssg-spacer h-8 xl:h-16 \"><\/div>\n\n\n\n<div class=\"wp-block-group ssg-one-column-intro is-layout-constrained wp-block-group-is-layout-constrained\">\n<div class=\"wp-block-columns is-layout-flex wp-container-core-columns-is-layout-9d6595d7 wp-block-columns-is-layout-flex\">\n<div class=\"wp-block-column pl-2 xl:pl-4 border-l-solid border-l-foreground border-l dark:border-l-background is-layout-flow wp-block-column-is-layout-flow\">\n<p class=\"text-3xl xl:text-h3 leading-h4 xl:leading-h3 has-ssg-4-xl-font-size\">Nuestras herramientas ayudan a comunidades y organizaciones a evaluar soluciones -en cuanto a emisiones, finanzas, salud, trabajo, equidad y resliencia- para enfrentar la crisis clim\u00e1tica. <\/p>\n<\/div>\n\n\n\n<div class=\"wp-block-column is-layout-flow wp-block-column-is-layout-flow\"><\/div>\n<\/div>\n<\/div>\n\n\n<div  class=\"ssg-spacer h-16 xl:h-24 \"><\/div>\n\n\n\t<!-- wp:group {\"tagName\":\"section\",\"className\":\"ssg-callout-image\",\"layout\":{\"type\":\"constrained\"},\"metadata\":{\"name\":\"SSG Callout Image\"}} -->\n\t<section  class=\"wp-block-group ssg-callout-image is-layout-constrained \">\n\t\t<div \n\t\t\tclass=\"xl:flex xl:h-[640px] px-4 pt-4 pb-8 xl:p-8 bg-cover rounded-xl\" \n\t\t\tstyle=\"background-image: url(https:\/\/ssg.coop\/wp-content\/uploads\/2024\/09\/pattern27lightblueonsky.png);\"\n\t\t>\t\n\t\t\t\t\t\t\t<div class=\"xl:w-2\/3\">\n\t\t\t\n\t\t\t\t\t\t\t\t\t<h4 class=\"font-classic-bold dark:text-foreground\">\n\t\t\t\t\t\tNuestras herramientas\t\t\t\t\t<\/h4>\n\t\t\t\t\n\t\t\t\t\t\t\t\t\t\t\t\t\t\t\t<p class=\"text-6xl leading-6xl\">\n\t\t\t\t\t\t\tLas herramientas de modelado de SSG ayudan a los responsables de tomar decisiones a comprender mejor los posibles escenarios futuros, con el fin de reducir las emisiones de gases de efecto invernadero, prepararse ante fen\u00f3menos meteorol\u00f3gicos extremos y responder a otros desaf\u00edos del cambio clim\u00e1tico.\t\t\t\t\t\t<\/p>\n\t\t\t\t\t\t\t\t\t\n\t\t\t<\/div>\n\t\t<\/div>\n\n\t\t\t\t<svg class=\"absolute invisible\" width=\"0\" height=\"0\" xmlns=\"http:\/\/www.w3.org\/2000\/svg\" version=\"1.1\">\n\t    <defs>\n\t      <filter id=\"ssg-callout-highlight\"><feGaussianBlur in=\"SourceGraphic\" stdDeviation=\"10\" result=\"blur\" \/>    \n\t        <feColorMatrix in=\"blur\" mode=\"matrix\" values=\"1 0 0 0 0  0 1 0 0 0  0 0 1 0 0  0 0 0 19 -9\" result=\"ssg-callout-highlight\" \/>\n\t        <feComposite in=\"SourceGraphic\" in2=\"ssg-callout-highlight\" operator=\"atop\"\/>\n\t      <\/filter>\n\t    <\/defs>\n\t\t<\/svg>\n\n\t<!-- \/wp:group -->\n\t<\/section>\n\n\n\n<div  class=\"ssg-spacer h-16 xl:h-24 \"><\/div>\n\n\n\n<section class=\"wp-block-group ssg-staggered is-layout-constrained wp-block-group-is-layout-constrained\">\n<div class=\"wp-block-columns is-layout-flex wp-container-core-columns-is-layout-9d6595d7 wp-block-columns-is-layout-flex\">\n<div class=\"wp-block-column is-layout-flow wp-block-column-is-layout-flow\" style=\"flex-basis:38%\">\n<div class=\"ssg-staggered-card card ssg-tool relative group xl:min-h-[360px] ssg-randomize-hover hover:xl:bg-ssg-random focus:xl:bg-ssg-random hover:xl:border-ssg-random focus:xl:border-ssg-random \">\n\n\t<div>\n\n\t\t<h3 class=\"2xl:text-6xl 2xl:leading-6xl\">\n\t\t\t<a href=\"https:\/\/ssg.coop\/es\/tools\/scenacommunity\/\" class=\"no-underline hover:underline focus:underline\">\n\t\t\t\tScenaCommunity\t\t\t<\/a>\n\t\t<\/h3>\n\n\t\t<p class=\"xl:opacity-0 group-hover:xl:opacity-100 group-focus-within:xl:opacity-100 group-focus-within:xl:opacity-100 text-base xl:text-2xl xl:leading-2xl 2xl:text-4xl 2xl:leading-5xl transition-all duration-500\">\n\t\t\tScenaCommunity ayuda a comunidades \u2014desde peque\u00f1as localidades hasta grandes ciudades\u2014 a aprovechar los datos sobre c\u00f3mo vive, trabaja y se desplaza la gente, para identificar acciones clim\u00e1ticas que sean rentables\t\t<\/p>\n\n\t<\/div>\n\n  <a\n\tclass=\"ssg-link-arrow self-end text-right text-3xl  ssg-never-underline dark:text-background\"\n \thref=\"https:\/\/ssg.coop\/es\/tools\/scenacommunity\/\"\n\n \t>\n\t<span class=\"whitespace-nowrap\">-><\/span>\n<\/a>\n<\/div>\n\n<\/div>\n\n\n\n<div class=\"wp-block-column is-layout-flow wp-block-column-is-layout-flow\" style=\"flex-basis:38%\">\n<div class=\"ssg-staggered-card card ssg-tool relative group xl:min-h-[360px] ssg-randomize-hover hover:xl:bg-ssg-random focus:xl:bg-ssg-random hover:xl:border-ssg-random focus:xl:border-ssg-random \">\n\n\t<div>\n\n\t\t<h3 class=\"2xl:text-6xl 2xl:leading-6xl\">\n\t\t\t<a href=\"https:\/\/ssg.coop\/es\/tools\/scenacorporate\/\" class=\"no-underline hover:underline focus:underline\">\n\t\t\t\tScenaCorporate\t\t\t<\/a>\n\t\t<\/h3>\n\n\t\t<p class=\"xl:opacity-0 group-hover:xl:opacity-100 group-focus-within:xl:opacity-100 group-focus-within:xl:opacity-100 text-base xl:text-2xl xl:leading-2xl 2xl:text-4xl 2xl:leading-5xl transition-all duration-500\">\n\t\t\tScenaCorporate ayuda a organizaciones, agencias gubernamentales, empresas e instituciones a identificar medidas rentables para la descarbonizaci\u00f3n de sus operaciones.\t\t<\/p>\n\n\t<\/div>\n\n  <a\n\tclass=\"ssg-link-arrow self-end text-right text-3xl  ssg-never-underline dark:text-background\"\n \thref=\"https:\/\/ssg.coop\/es\/tools\/scenacorporate\/\"\n\n \t>\n\t<span class=\"whitespace-nowrap\">-><\/span>\n<\/a>\n<\/div>\n\n<\/div>\n\n\n\n<div class=\"wp-block-column hidden xl:block is-layout-flow wp-block-column-is-layout-flow\"><\/div>\n<\/div>\n\n\n\n<div aria-hidden=\"true\" class=\"wp-block-fsb-flexible-spacer fsb-flexible-spacer\"><div class=\"fsb-flexible-spacer__device fsb-flexible-spacer__device--lg\" style=\"height:96px\"><\/div><div class=\"fsb-flexible-spacer__device fsb-flexible-spacer__device--md\" style=\"height:32px\"><\/div><div class=\"fsb-flexible-spacer__device fsb-flexible-spacer__device--sm\" style=\"height:32px\"><\/div><\/div>\n\n\n\n<div class=\"wp-block-columns is-layout-flex wp-container-core-columns-is-layout-9d6595d7 wp-block-columns-is-layout-flex\">\n<div class=\"wp-block-column hidden xl:block is-layout-flow wp-block-column-is-layout-flow\"><\/div>\n\n\n\n<div class=\"wp-block-column is-layout-flow wp-block-column-is-layout-flow\" style=\"flex-basis:38%\">\n<div class=\"ssg-staggered-card card ssg-tool relative group xl:min-h-[360px] ssg-randomize-hover hover:xl:bg-ssg-random focus:xl:bg-ssg-random hover:xl:border-ssg-random focus:xl:border-ssg-random \">\n\n\t<div>\n\n\t\t<h3 class=\"2xl:text-6xl 2xl:leading-6xl\">\n\t\t\t<a href=\"https:\/\/ssg.coop\/es\/tools\/scenaadaptation\/\" class=\"no-underline hover:underline focus:underline\">\n\t\t\t\tScenaAdaptation\t\t\t<\/a>\n\t\t<\/h3>\n\n\t\t<p class=\"xl:opacity-0 group-hover:xl:opacity-100 group-focus-within:xl:opacity-100 group-focus-within:xl:opacity-100 text-base xl:text-2xl xl:leading-2xl 2xl:text-4xl 2xl:leading-5xl transition-all duration-500\">\n\t\t\tScenaAdaptation ayuda a las comunidades a prepararse y adaptarse a eventosclim\u00e1ticos de dificil predicci\u00f3n, tales como olas de calor, incendios forestales, inundaciones, derrumbes y tormentas.\t\t<\/p>\n\n\t<\/div>\n\n  <a\n\tclass=\"ssg-link-arrow self-end text-right text-3xl  ssg-never-underline dark:text-background\"\n \thref=\"https:\/\/ssg.coop\/es\/tools\/scenaadaptation\/\"\n\n \t>\n\t<span class=\"whitespace-nowrap\">-><\/span>\n<\/a>\n<\/div>\n\n<\/div>\n\n\n\n<div class=\"wp-block-column is-layout-flow wp-block-column-is-layout-flow\" style=\"flex-basis:38%\">\n<div class=\"ssg-staggered-card card ssg-tool relative group xl:min-h-[360px] ssg-randomize-hover hover:xl:bg-ssg-random focus:xl:bg-ssg-random hover:xl:border-ssg-random focus:xl:border-ssg-random \">\n\n\t<div>\n\n\t\t<h3 class=\"2xl:text-6xl 2xl:leading-6xl\">\n\t\t\t<a href=\"https:\/\/ssg.coop\/es\/tools\/base-de-datos-municipales-sobre-el-consumo-de-energia-y-las-emisiones-de-gases-de-efecto-invernadero\/\" class=\"no-underline hover:underline focus:underline\">\n\t\t\t\tMEED\t\t\t<\/a>\n\t\t<\/h3>\n\n\t\t<p class=\"xl:opacity-0 group-hover:xl:opacity-100 group-focus-within:xl:opacity-100 group-focus-within:xl:opacity-100 text-base xl:text-2xl xl:leading-2xl 2xl:text-4xl 2xl:leading-5xl transition-all duration-500\">\n\t\t\tMEED es una base de datos gratuita y de libre acceso. Esta plataforma revolucionaria pone a disposici\u00f3n de cada comunidad canadiense la informaci\u00f3n requerida para empezar a actuar contra el cambio clim\u00e1tico.\t\t<\/p>\n\n\t<\/div>\n\n  <a\n\tclass=\"ssg-link-arrow self-end text-right text-3xl  ssg-never-underline dark:text-background\"\n \thref=\"https:\/\/ssg.coop\/es\/tools\/base-de-datos-municipales-sobre-el-consumo-de-energia-y-las-emisiones-de-gases-de-efecto-invernadero\/\"\n\n \t>\n\t<span class=\"whitespace-nowrap\">-><\/span>\n<\/a>\n<\/div>\n\n<\/div>\n<\/div>\n\n\n\n<div aria-hidden=\"true\" class=\"wp-block-fsb-flexible-spacer fsb-flexible-spacer\"><div class=\"fsb-flexible-spacer__device fsb-flexible-spacer__device--lg\" style=\"height:96px\"><\/div><div class=\"fsb-flexible-spacer__device fsb-flexible-spacer__device--md\" style=\"height:32px\"><\/div><div class=\"fsb-flexible-spacer__device fsb-flexible-spacer__device--sm\" style=\"height:32px\"><\/div><\/div>\n\n\n\n<div aria-hidden=\"true\" class=\"wp-block-fsb-flexible-spacer fsb-flexible-spacer\"><div class=\"fsb-flexible-spacer__device fsb-flexible-spacer__device--lg\" style=\"height:96px\"><\/div><div class=\"fsb-flexible-spacer__device fsb-flexible-spacer__device--md\" style=\"height:32px\"><\/div><div class=\"fsb-flexible-spacer__device fsb-flexible-spacer__device--sm\" style=\"height:32px\"><\/div><\/div>\n\n\n<div  class=\"ssg-spacer h-16 xl:h-24 \"><\/div>\n<\/section>\n\n\n<div  class=\"ssg-spacer h-16 xl:h-48 \"><\/div>\n\n\n\n<div class=\"wp-block-group ssg-two-column-heading-text is-layout-constrained wp-block-group-is-layout-constrained\">\n<div class=\"wp-block-columns is-layout-flex wp-container-core-columns-is-layout-9d6595d7 wp-block-columns-is-layout-flex\">\n<div class=\"wp-block-column !mb-4 xl:!mb-0 pl-2 xl:pl-4 border-l-solid border-l-foreground border-l dark:border-l-background is-layout-flow wp-block-column-is-layout-flow\">\n<h2 class=\"wp-block-heading m-0\">Cont\u00e1ctanos<\/h2>\n<\/div>\n\n\n\n<div class=\"wp-block-column is-layout-constrained wp-block-column-is-layout-constrained\">\n<div class=\"wp-block-group pl-2 xl:pl-4 border-l-solid border-l-foreground border-l dark:border-l-background is-layout-flow wp-block-group-is-layout-flow\">\n<p class=\"has-ssg-4-xl-font-size\">Tienes dudas sobre nuestros modelos y herramientas? <\/p>\n<\/div>\n\n\n<div  class=\"ssg-spacer h-4 xl:h-8 \"><\/div>\n\n\n\n<div class=\"wp-block-buttons is-layout-flex wp-block-buttons-is-layout-flex\">\n<div class=\"wp-block-button\"><a class=\"wp-block-button__link wp-element-button\" href=\"#contact-form\" rel=\" nofollow\">Comun\u00edcate con nosotros<\/a><\/div>\n<\/div>\n<\/div>\n<\/div>\n<\/div>\n\n\n<div  class=\"ssg-spacer h-16 xl:h-24 \"><\/div>\n","protected":false},"excerpt":{"rendered":"<p>Nuestras herramientas ayudan a comunidades y organizaciones a evaluar soluciones -en cuanto a emisiones, finanzas, salud, trabajo, equidad y resliencia- para enfrentar la crisis clim\u00e1tica. Cont\u00e1ctanos Tienes dudas sobre nuestros modelos y herramientas?<\/p>\n","protected":false},"author":7,"featured_media":17446,"parent":0,"menu_order":14,"comment_status":"closed","ping_status":"closed","template":"","meta":{"_acf_changed":false,"om_disable_all_campaigns":false,"inline_featured_image":false,"_monsterinsights_skip_tracking":false,"_monsterinsights_sitenote_active":false,"_monsterinsights_sitenote_note":"","_monsterinsights_sitenote_category":0,"footnotes":""},"class_list":["post-15813","page","type-page","status-publish","has-post-thumbnail","hentry"],"acf":[],"aioseo_notices":[],"_links":{"self":[{"href":"https:\/\/ssg.coop\/es\/wp-json\/wp\/v2\/pages\/15813","targetHints":{"allow":["GET"]}}],"collection":[{"href":"https:\/\/ssg.coop\/es\/wp-json\/wp\/v2\/pages"}],"about":[{"href":"https:\/\/ssg.coop\/es\/wp-json\/wp\/v2\/types\/page"}],"author":[{"embeddable":true,"href":"https:\/\/ssg.coop\/es\/wp-json\/wp\/v2\/users\/7"}],"replies":[{"embeddable":true,"href":"https:\/\/ssg.coop\/es\/wp-json\/wp\/v2\/comments?post=15813"}],"version-history":[{"count":7,"href":"https:\/\/ssg.coop\/es\/wp-json\/wp\/v2\/pages\/15813\/revisions"}],"predecessor-version":[{"id":16538,"href":"https:\/\/ssg.coop\/es\/wp-json\/wp\/v2\/pages\/15813\/revisions\/16538"}],"wp:featuredmedia":[{"embeddable":true,"href":"https:\/\/ssg.coop\/es\/wp-json\/wp\/v2\/media\/17446"}],"wp:attachment":[{"href":"https:\/\/ssg.coop\/es\/wp-json\/wp\/v2\/media?parent=15813"}],"curies":[{"name":"wp","href":"https:\/\/api.w.org\/{rel}","templated":true}]}}