{"id":15810,"date":"2024-03-19T00:19:12","date_gmt":"2024-03-19T07:19:12","guid":{"rendered":"https:\/\/ssg.coop\/nuestros-servicios\/"},"modified":"2025-06-18T15:05:33","modified_gmt":"2025-06-18T22:05:33","slug":"nuestros-servicios","status":"publish","type":"page","link":"https:\/\/ssg.coop\/es\/nuestros-servicios\/","title":{"rendered":"Nuestros servicios"},"content":{"rendered":"\n<div class=\"wp-block-group is-layout-constrained wp-block-group-is-layout-constrained\"><h1 class=\"wp-block-post-title\">Nuestros servicios<\/h1><\/div>\n\n\n<div  class=\"ssg-spacer h-8 xl:h-16 \"><\/div>\n\n\n\n<div class=\"wp-block-group ssg-one-column-intro is-layout-constrained wp-block-group-is-layout-constrained\">\n<div class=\"wp-block-columns is-layout-flex wp-container-core-columns-is-layout-9d6595d7 wp-block-columns-is-layout-flex\">\n<div class=\"wp-block-column pl-2 xl:pl-4 border-l-solid border-l-foreground border-l dark:border-l-background is-layout-flow wp-block-column-is-layout-flow\">\n<p class=\"has-ssg-4-xl-font-size\">Entregamos las herramientas necesarias a comunidades y organizaciones para enfrentar la crisis clim\u00e1tica de manera proactiva, ayud\u00e1ndoles a prepararse para la acci\u00f3n y la mitigaci\u00f3n de los impactos. <\/p>\n\n\n\n<p class=\"has-ssg-4-xl-font-size\">Nuestro trabajo ayuda a las personas tomadores de decisi\u00f3n a enfrentar los retos m\u00e1s urgentes de nuestra era con confianza y claridad. <\/p>\n<\/div>\n\n\n\n<div class=\"wp-block-column is-layout-flow wp-block-column-is-layout-flow\"><\/div>\n<\/div>\n<\/div>\n\n\n<div  class=\"ssg-spacer h-16 xl:h-24 \"><\/div>\n\n\n\t<!-- wp:group {\"tagName\":\"section\",\"className\":\"ssg-callout-image\",\"layout\":{\"type\":\"constrained\"},\"metadata\":{\"name\":\"SSG Callout Image\"}} -->\n\t<section  class=\"wp-block-group ssg-callout-image is-layout-constrained \">\n\t\t<div \n\t\t\tclass=\"xl:flex xl:h-[640px] px-4 pt-4 pb-8 xl:p-8 bg-cover rounded-xl\" \n\t\t\tstyle=\"background-image: url(https:\/\/ssg.coop\/wp-content\/uploads\/2024\/09\/servicespattern-1.png);\"\n\t\t>\t\n\t\t\t\t\t\t\t<div class=\"xl:w-2\/3\">\n\t\t\t\n\t\t\t\t\t\t\t\t\t<h4 class=\"font-classic-bold dark:text-foreground\">\n\t\t\t\t\t\tNuestros servicios\t\t\t\t\t<\/h4>\n\t\t\t\t\n\t\t\t\t\t\t\t\t\t\t\t\t\t\t\t<p class=\"text-7xl leading-7xl\">\n\t\t\t\t\t\t\tImpulsamos una acci\u00f3n clim\u00e1tica que reduce las inequidades, crea oportunidades econ\u00f3micas y mejora la calidad de vida.\t\t\t\t\t\t<\/p>\n\t\t\t\t\t\t\t\t\t\n\t\t\t<\/div>\n\t\t<\/div>\n\n\t\t\t\t<svg class=\"absolute invisible\" width=\"0\" height=\"0\" xmlns=\"http:\/\/www.w3.org\/2000\/svg\" version=\"1.1\">\n\t    <defs>\n\t      <filter id=\"ssg-callout-highlight\"><feGaussianBlur in=\"SourceGraphic\" stdDeviation=\"10\" result=\"blur\" \/>    \n\t        <feColorMatrix in=\"blur\" mode=\"matrix\" values=\"1 0 0 0 0  0 1 0 0 0  0 0 1 0 0  0 0 0 19 -9\" result=\"ssg-callout-highlight\" \/>\n\t        <feComposite in=\"SourceGraphic\" in2=\"ssg-callout-highlight\" operator=\"atop\"\/>\n\t      <\/filter>\n\t    <\/defs>\n\t\t<\/svg>\n\n\t<!-- \/wp:group -->\n\t<\/section>\n\n\n\n<div  class=\"ssg-spacer h-16 xl:h-32 \"><\/div>\n\n\n\n<section class=\"wp-block-group ssg-staggered is-layout-constrained wp-block-group-is-layout-constrained\">\n<div class=\"wp-block-columns is-layout-flex wp-container-core-columns-is-layout-9d6595d7 wp-block-columns-is-layout-flex\">\n<div class=\"wp-block-column is-layout-flow wp-block-column-is-layout-flow\" style=\"flex-basis:38%\">\n<div class=\"ssg-staggered-card card ssg-service relative group xl:min-h-[360px] ssg-randomize-hover hover:xl:bg-ssg-random focus:xl:bg-ssg-random hover:xl:border-ssg-random focus:xl:border-ssg-random \">\n\n\t<div>\n\n\t\t<h3 class=\"2xl:text-6xl 2xl:leading-6xl\">\n\t\t\t<a href=\"https:\/\/ssg.coop\/es\/service\/planificacion-para-la-mitigacion-del-cambio-climatico\/\" class=\"no-underline hover:underline focus:underline\">\n\t\t\t\tPlanificaci\u00f3n para la mitigaci\u00f3n del cambio clim\u00e1tico\t\t\t<\/a>\n\t\t<\/h3>\n\n\t\t<p class=\"xl:opacity-0 group-hover:xl:opacity-100 group-focus-within:xl:opacity-100 group-focus-within:xl:opacity-100 text-base xl:text-2xl xl:leading-2xl 2xl:text-4xl 2xl:leading-5xl transition-all duration-500\">\n\t\t\tTrabajamos con nuestros clientes y los ayudamos a enfrentar las complejidades del cambio clim\u00e1tico, creando soluciones de forma conjunta para reducir las emisiones de gases de efecto invernadero y mejorar la calidad de vida. \t\t<\/p>\n\n\t<\/div>\n\n  <a\n\tclass=\"ssg-link-arrow self-end text-right text-3xl  ssg-never-underline dark:text-background\"\n \thref=\"https:\/\/ssg.coop\/es\/service\/planificacion-para-la-mitigacion-del-cambio-climatico\/\"\n\n \t>\n\t<span class=\"whitespace-nowrap\">-><\/span>\n<\/a>\n<\/div>\n\n<\/div>\n\n\n\n<div class=\"wp-block-column is-layout-flow wp-block-column-is-layout-flow\" style=\"flex-basis:38%\">\n<div class=\"ssg-staggered-card card ssg-service relative group xl:min-h-[360px] ssg-randomize-hover hover:xl:bg-ssg-random focus:xl:bg-ssg-random hover:xl:border-ssg-random focus:xl:border-ssg-random \">\n\n\t<div>\n\n\t\t<h3 class=\"2xl:text-6xl 2xl:leading-6xl\">\n\t\t\t<a href=\"https:\/\/ssg.coop\/es\/service\/planificacion-de-la-adaptacion-al-cambio-climatico\/\" class=\"no-underline hover:underline focus:underline\">\n\t\t\t\tPlanificaci\u00f3n de la adaptaci\u00f3n al cambio clim\u00e1tico\t\t\t<\/a>\n\t\t<\/h3>\n\n\t\t<p class=\"xl:opacity-0 group-hover:xl:opacity-100 group-focus-within:xl:opacity-100 group-focus-within:xl:opacity-100 text-base xl:text-2xl xl:leading-2xl 2xl:text-4xl 2xl:leading-5xl transition-all duration-500\">\n\t\t\tIdentificamos c\u00f3mo los fen\u00f3menos meteorol\u00f3gicos extremos y otros riesgos clim\u00e1ticos afectar\u00e1n nuestros sistemas y comunidades, y creamos soluciones que previenen o minimizan los da\u00f1os y salvan vidas.\t\t<\/p>\n\n\t<\/div>\n\n  <a\n\tclass=\"ssg-link-arrow self-end text-right text-3xl  ssg-never-underline dark:text-background\"\n \thref=\"https:\/\/ssg.coop\/es\/service\/planificacion-de-la-adaptacion-al-cambio-climatico\/\"\n\n \t>\n\t<span class=\"whitespace-nowrap\">-><\/span>\n<\/a>\n<\/div>\n\n<\/div>\n\n\n\n<div class=\"wp-block-column hidden xl:block is-layout-flow wp-block-column-is-layout-flow\"><\/div>\n<\/div>\n\n\n\n<div aria-hidden=\"true\" class=\"wp-block-fsb-flexible-spacer fsb-flexible-spacer\"><div class=\"fsb-flexible-spacer__device fsb-flexible-spacer__device--lg\" style=\"height:96px\"><\/div><div class=\"fsb-flexible-spacer__device fsb-flexible-spacer__device--md\" style=\"height:32px\"><\/div><div class=\"fsb-flexible-spacer__device fsb-flexible-spacer__device--sm\" style=\"height:32px\"><\/div><\/div>\n\n\n\n<div class=\"wp-block-columns is-layout-flex wp-container-core-columns-is-layout-9d6595d7 wp-block-columns-is-layout-flex\">\n<div class=\"wp-block-column hidden xl:block is-layout-flow wp-block-column-is-layout-flow\"><\/div>\n\n\n\n<div class=\"wp-block-column is-layout-flow wp-block-column-is-layout-flow\" style=\"flex-basis:38%\">\n<div class=\"ssg-staggered-card card ssg-service relative group xl:min-h-[360px] ssg-randomize-hover hover:xl:bg-ssg-random focus:xl:bg-ssg-random hover:xl:border-ssg-random focus:xl:border-ssg-random \">\n\n\t<div>\n\n\t\t<h3 class=\"2xl:text-6xl 2xl:leading-6xl\">\n\t\t\t<a href=\"https:\/\/ssg.coop\/es\/service\/presupuestos-de-carbono-y-contabilidad\/\" class=\"no-underline hover:underline focus:underline\">\n\t\t\t\tPresupuestos de carbono y contabilidad\t\t\t<\/a>\n\t\t<\/h3>\n\n\t\t<p class=\"xl:opacity-0 group-hover:xl:opacity-100 group-focus-within:xl:opacity-100 group-focus-within:xl:opacity-100 text-base xl:text-2xl xl:leading-2xl 2xl:text-4xl 2xl:leading-5xl transition-all duration-500\">\n\t\t\tNuestros marcos de trabajo para la contabilidad del carbono son una herramienta robusta para la integraci\u00f3n de consideraciones clim\u00e1ticas en la toma de decisiones. \t\t<\/p>\n\n\t<\/div>\n\n  <a\n\tclass=\"ssg-link-arrow self-end text-right text-3xl  ssg-never-underline dark:text-background\"\n \thref=\"https:\/\/ssg.coop\/es\/service\/presupuestos-de-carbono-y-contabilidad\/\"\n\n \t>\n\t<span class=\"whitespace-nowrap\">-><\/span>\n<\/a>\n<\/div>\n\n<\/div>\n\n\n\n<div class=\"wp-block-column is-layout-flow wp-block-column-is-layout-flow\" style=\"flex-basis:38%\">\n<div class=\"ssg-staggered-card card ssg-service relative group xl:min-h-[360px] ssg-randomize-hover hover:xl:bg-ssg-random focus:xl:bg-ssg-random hover:xl:border-ssg-random focus:xl:border-ssg-random \">\n\n\t<div>\n\n\t\t<h3 class=\"2xl:text-6xl 2xl:leading-6xl\">\n\t\t\t<a href=\"https:\/\/ssg.coop\/es\/service\/modelacion-de-escenarios\/\" class=\"no-underline hover:underline focus:underline\">\n\t\t\t\tModelaci\u00f3n de escenarios\t\t\t<\/a>\n\t\t<\/h3>\n\n\t\t<p class=\"xl:opacity-0 group-hover:xl:opacity-100 group-focus-within:xl:opacity-100 group-focus-within:xl:opacity-100 text-base xl:text-2xl xl:leading-2xl 2xl:text-4xl 2xl:leading-5xl transition-all duration-500\">\n\t\t\tNuestros servicios de modelaci\u00f3n de escenarios exploran futuros posibles, brindando a los tomadores de decisiones herramientas para elegir las opciones que mejoren la calidad de vida de la generaci\u00f3n actual y la de las generaciones futuras. \t\t<\/p>\n\n\t<\/div>\n\n  <a\n\tclass=\"ssg-link-arrow self-end text-right text-3xl  ssg-never-underline dark:text-background\"\n \thref=\"https:\/\/ssg.coop\/es\/service\/modelacion-de-escenarios\/\"\n\n \t>\n\t<span class=\"whitespace-nowrap\">-><\/span>\n<\/a>\n<\/div>\n\n<\/div>\n<\/div>\n\n\n\n<div aria-hidden=\"true\" class=\"wp-block-fsb-flexible-spacer fsb-flexible-spacer\"><div class=\"fsb-flexible-spacer__device fsb-flexible-spacer__device--lg\" style=\"height:96px\"><\/div><div class=\"fsb-flexible-spacer__device fsb-flexible-spacer__device--md\" style=\"height:32px\"><\/div><div class=\"fsb-flexible-spacer__device fsb-flexible-spacer__device--sm\" style=\"height:32px\"><\/div><\/div>\n\n\n\n<div class=\"wp-block-columns is-layout-flex wp-container-core-columns-is-layout-9d6595d7 wp-block-columns-is-layout-flex\">\n<div class=\"wp-block-column is-layout-flow wp-block-column-is-layout-flow\" style=\"flex-basis:38%\">\n<div class=\"ssg-staggered-card card ssg-service relative group xl:min-h-[360px] ssg-randomize-hover hover:xl:bg-ssg-random focus:xl:bg-ssg-random hover:xl:border-ssg-random focus:xl:border-ssg-random \">\n\n\t<div>\n\n\t\t<h3 class=\"2xl:text-6xl 2xl:leading-6xl\">\n\t\t\t<a href=\"https:\/\/ssg.coop\/es\/service\/implementacion-de-planes-de-accion-climatica\/\" class=\"no-underline hover:underline focus:underline\">\n\t\t\t\tImplementaci\u00f3n de planes de acci\u00f3n clim\u00e1tica\t\t\t<\/a>\n\t\t<\/h3>\n\n\t\t<p class=\"xl:opacity-0 group-hover:xl:opacity-100 group-focus-within:xl:opacity-100 group-focus-within:xl:opacity-100 text-base xl:text-2xl xl:leading-2xl 2xl:text-4xl 2xl:leading-5xl transition-all duration-500\">\n\t\t\tAyudamos a nuestros clientes a transformar su modo de vida, de moverse, de trabajar y de consumir tomando medidas que reducen la contaminaci\u00f3n y que permiten resultados m\u00e1s saludables.\t\t<\/p>\n\n\t<\/div>\n\n  <a\n\tclass=\"ssg-link-arrow self-end text-right text-3xl  ssg-never-underline dark:text-background\"\n \thref=\"https:\/\/ssg.coop\/es\/service\/implementacion-de-planes-de-accion-climatica\/\"\n\n \t>\n\t<span class=\"whitespace-nowrap\">-><\/span>\n<\/a>\n<\/div>\n\n<\/div>\n\n\n\n<div class=\"wp-block-column is-layout-flow wp-block-column-is-layout-flow\" style=\"flex-basis:38%\">\n<div class=\"ssg-staggered-card card ssg-service relative group xl:min-h-[360px] ssg-randomize-hover hover:xl:bg-ssg-random focus:xl:bg-ssg-random hover:xl:border-ssg-random focus:xl:border-ssg-random \">\n\n\t<div>\n\n\t\t<h3 class=\"2xl:text-6xl 2xl:leading-6xl\">\n\t\t\t<a href=\"https:\/\/ssg.coop\/es\/service\/inventarios-de-gases-de-efecto-invernadero\/\" class=\"no-underline hover:underline focus:underline\">\n\t\t\t\tInventarios de gases de efecto invernadero\t\t\t<\/a>\n\t\t<\/h3>\n\n\t\t<p class=\"xl:opacity-0 group-hover:xl:opacity-100 group-focus-within:xl:opacity-100 group-focus-within:xl:opacity-100 text-base xl:text-2xl xl:leading-2xl 2xl:text-4xl 2xl:leading-5xl transition-all duration-500\">\n\t\t\tLe ense\u00f1amos a nuestros clientes a recopilar datos y a hacer un inventario de las emisiones de gases de efecto invernadero, siendo este el primer paso para la acci\u00f3n clim\u00e1tica.\t\t<\/p>\n\n\t<\/div>\n\n  <a\n\tclass=\"ssg-link-arrow self-end text-right text-3xl  ssg-never-underline dark:text-background\"\n \thref=\"https:\/\/ssg.coop\/es\/service\/inventarios-de-gases-de-efecto-invernadero\/\"\n\n \t>\n\t<span class=\"whitespace-nowrap\">-><\/span>\n<\/a>\n<\/div>\n\n<\/div>\n\n\n\n<div class=\"wp-block-column hidden xl:block is-layout-flow wp-block-column-is-layout-flow\"><\/div>\n<\/div>\n\n\n<div  class=\"ssg-spacer h-8 xl:h-16 \"><\/div>\n<\/section>\n\n\n\n<div class=\"wp-block-columns is-layout-flex wp-container-core-columns-is-layout-9d6595d7 wp-block-columns-is-layout-flex\">\n<div class=\"wp-block-column hidden xl:block is-layout-flow wp-block-column-is-layout-flow\"><\/div>\n\n\n\n<div class=\"wp-block-column is-layout-flow wp-block-column-is-layout-flow\" style=\"flex-basis:38%\">\n<div class=\"ssg-staggered-card card ssg-service relative group xl:min-h-[360px] ssg-randomize-hover hover:xl:bg-ssg-random focus:xl:bg-ssg-random hover:xl:border-ssg-random focus:xl:border-ssg-random \">\n\n\t<div>\n\n\t\t<h3 class=\"2xl:text-6xl 2xl:leading-6xl\">\n\t\t\t<a href=\"https:\/\/ssg.coop\/es\/service\/instrumentos-economicos-para-la-accion-climatica\/\" class=\"no-underline hover:underline focus:underline\">\n\t\t\t\tInstrumentos econ\u00f3micos para la acci\u00f3n clim\u00e1tica\t\t\t<\/a>\n\t\t<\/h3>\n\n\t\t<p class=\"xl:opacity-0 group-hover:xl:opacity-100 group-focus-within:xl:opacity-100 group-focus-within:xl:opacity-100 text-base xl:text-2xl xl:leading-2xl 2xl:text-4xl 2xl:leading-5xl transition-all duration-500\">\n\t\t\tSSG apoya a gobiernos y organismos internacionales en la integraci\u00f3n del cambio clim\u00e1tico en sus procesos de inversi\u00f3n p\u00fablica, mediante el desarrollo de herramientas econ\u00f3micos-clim\u00e1ticas como el Precio Social del Carbono.\t\t<\/p>\n\n\t<\/div>\n\n  <a\n\tclass=\"ssg-link-arrow self-end text-right text-3xl  ssg-never-underline dark:text-background\"\n \thref=\"https:\/\/ssg.coop\/es\/service\/instrumentos-economicos-para-la-accion-climatica\/\"\n\n \t>\n\t<span class=\"whitespace-nowrap\">-><\/span>\n<\/a>\n<\/div>\n\n<\/div>\n\n\n\n<div class=\"wp-block-column is-layout-flow wp-block-column-is-layout-flow\" style=\"flex-basis:38%\"><\/div>\n<\/div>\n\n\n\n<div aria-hidden=\"true\" class=\"wp-block-fsb-flexible-spacer fsb-flexible-spacer\"><div class=\"fsb-flexible-spacer__device fsb-flexible-spacer__device--lg\" style=\"height:96px\"><\/div><div class=\"fsb-flexible-spacer__device fsb-flexible-spacer__device--md\" style=\"height:32px\"><\/div><div class=\"fsb-flexible-spacer__device fsb-flexible-spacer__device--sm\" style=\"height:32px\"><\/div><\/div>\n\n\n<div  class=\"ssg-spacer h-16 xl:h-24 \"><\/div>\n\n\n\n<section class=\"wp-block-group ssg-container has-ssg-yellow-background-color has-background is-layout-flow wp-block-group-is-layout-flow\"><div  class=\"ssg-spacer h-16 xl:h-24 \"><\/div>\n\n\n\n<div class=\"wp-block-group ssg-two-column-heading-text is-layout-constrained wp-block-group-is-layout-constrained\">\n<div class=\"wp-block-columns is-layout-flex wp-container-core-columns-is-layout-9d6595d7 wp-block-columns-is-layout-flex\">\n<div class=\"wp-block-column !mb-4 xl:!mb-0 pl-2 xl:pl-4 border-l-solid border-l-foreground border-l dark:border-l-background is-layout-flow wp-block-column-is-layout-flow\">\n<h2 class=\"wp-block-heading m-0\">SSG en cifras<\/h2>\n<\/div>\n\n\n\n<div class=\"wp-block-column is-layout-constrained wp-block-column-is-layout-constrained\">\n<h3 class=\"wp-block-heading\">Durante m\u00e1s de 20 a\u00f1os, SSG ha apoyado a comunidades y organizaciones en identificar medidas que permitan reducir la contaminaci\u00f3n y que contribuyan a la transici\u00f3n hacia un futuro din\u00e1mico y descarbonizado.<\/h3>\n<\/div>\n<\/div>\n<\/div>\n\n\n\n<section class=\"wp-block-group ssg-statistics-callout has-ssg-coral-background-color has-background has-ssg-yellow-background-color is-layout-constrained wp-block-group-is-layout-constrained\"><div  class=\"ssg-spacer h-8 xl:h-16 \"><\/div>\n\n\n\n<div class=\"wp-block-group ssg-statistics-columns is-layout-constrained wp-block-group-is-layout-constrained\">\n<div class=\"wp-block-columns are-vertically-aligned-top is-layout-flex wp-container-core-columns-is-layout-9d6595d7 wp-block-columns-is-layout-flex\">\n<div class=\"wp-block-column is-vertically-aligned-top is-layout-flow wp-block-column-is-layout-flow\"><\/div>\n\n\n\n<div class=\"wp-block-column is-vertically-aligned-top is-layout-flow wp-block-column-is-layout-flow\">\n<div class=\"wp-block-group ssg-statistic is-content-justification-center is-layout-constrained wp-block-group-is-layout-constrained\">\n<p class=\"font-classic-bold has-ssg-huge-font-size\">30+<\/p>\n\n\n\n<p class=\"has-ssg-4-xl-font-size\">copropietarios<\/p>\n<\/div>\n<\/div>\n<\/div>\n\n\n<div  class=\"ssg-spacer h-16 xl:h-24 \"><\/div>\n\n\n\n<div class=\"wp-block-columns are-vertically-aligned-top is-layout-flex wp-container-core-columns-is-layout-9d6595d7 wp-block-columns-is-layout-flex\">\n<div class=\"wp-block-column is-vertically-aligned-top is-layout-flow wp-block-column-is-layout-flow\">\n<div class=\"wp-block-group ssg-statistic is-content-justification-center is-layout-constrained wp-block-group-is-layout-constrained\">\n<p class=\"font-classic-bold has-ssg-huge-font-size\">130+<\/p>\n\n\n\n<p class=\"has-ssg-4-xl-font-size\">comunidades<\/p>\n<\/div>\n<\/div>\n\n\n\n<div class=\"wp-block-column is-vertically-aligned-top is-layout-flow wp-block-column-is-layout-flow\">\n<div class=\"wp-block-group ssg-statistic is-content-justification-center is-layout-constrained wp-block-group-is-layout-constrained\">\n<p class=\"font-classic-bold has-ssg-huge-font-size\">250+<\/p>\n\n\n\n<p class=\"has-ssg-4-xl-font-size\">proyectos de acci\u00f3n clim\u00e1tica<\/p>\n<\/div>\n<\/div>\n<\/div>\n<\/div>\n\n\n<div  class=\"ssg-spacer h-8 xl:h-16 \"><\/div>\n<\/section>\n\n\n<div  class=\"ssg-spacer h-16 xl:h-24 \"><\/div>\n<\/section>\n\n\n<div  class=\"ssg-spacer h-16 xl:h-24 \"><\/div>\n\n\n\n<div class=\"wp-block-group ssg-two-column-heading-text is-layout-constrained wp-block-group-is-layout-constrained\">\n<div class=\"wp-block-columns is-layout-flex wp-container-core-columns-is-layout-9d6595d7 wp-block-columns-is-layout-flex\">\n<div class=\"wp-block-column !mb-4 xl:!mb-0 pl-2 xl:pl-4 border-l-solid border-l-foreground border-l dark:border-l-background is-layout-flow wp-block-column-is-layout-flow\">\n<h2 class=\"wp-block-heading m-0\">Cont\u00e1ctanos<\/h2>\n<\/div>\n\n\n\n<div class=\"wp-block-column is-layout-constrained wp-block-column-is-layout-constrained\">\n<div class=\"wp-block-group pl-2 xl:pl-4 border-l-solid border-l-foreground border-l dark:border-l-background is-layout-flow wp-block-group-is-layout-flow\">\n<p class=\"has-ssg-4-xl-font-size\">\u00bfQuieres saber m\u00e1s sobre c\u00f3mo podemos ayudarte a enfrentar el cambio clim\u00e1tico?<\/p>\n<\/div>\n\n\n<div  class=\"ssg-spacer h-4 xl:h-8 \"><\/div>\n\n\n\n<div class=\"wp-block-buttons is-layout-flex wp-block-buttons-is-layout-flex\">\n<div class=\"wp-block-button\"><a class=\"wp-block-button__link wp-element-button\" href=\"#contact-form\" rel=\" nofollow\">Comun\u00edcate con nosotros<\/a><\/div>\n<\/div>\n<\/div>\n<\/div>\n<\/div>\n\n\n<div  class=\"ssg-spacer h-16 xl:h-24 \"><\/div>\n","protected":false},"excerpt":{"rendered":"<p>Entregamos las herramientas necesarias a comunidades y organizaciones para enfrentar la crisis clim\u00e1tica de manera proactiva, ayud\u00e1ndoles a prepararse para la acci\u00f3n y la mitigaci\u00f3n de los impactos. Nuestro trabajo ayuda a las personas tomadores de decisi\u00f3n a enfrentar los retos m\u00e1s urgentes de nuestra era con confianza y claridad. SSG en cifras Durante m\u00e1s<a href=\"https:\/\/ssg.coop\/es\/nuestros-servicios\/\">Sigue leyendo <span class=\"sr-only\">\u00abNuestros servicios\u00bb<\/span><\/a><\/p>\n","protected":false},"author":1,"featured_media":13176,"parent":0,"menu_order":9,"comment_status":"closed","ping_status":"closed","template":"","meta":{"_acf_changed":false,"om_disable_all_campaigns":false,"inline_featured_image":false,"_monsterinsights_skip_tracking":false,"_monsterinsights_sitenote_active":false,"_monsterinsights_sitenote_note":"","_monsterinsights_sitenote_category":0,"footnotes":""},"class_list":["post-15810","page","type-page","status-publish","has-post-thumbnail","hentry"],"acf":[],"aioseo_notices":[],"_links":{"self":[{"href":"https:\/\/ssg.coop\/es\/wp-json\/wp\/v2\/pages\/15810","targetHints":{"allow":["GET"]}}],"collection":[{"href":"https:\/\/ssg.coop\/es\/wp-json\/wp\/v2\/pages"}],"about":[{"href":"https:\/\/ssg.coop\/es\/wp-json\/wp\/v2\/types\/page"}],"author":[{"embeddable":true,"href":"https:\/\/ssg.coop\/es\/wp-json\/wp\/v2\/users\/1"}],"replies":[{"embeddable":true,"href":"https:\/\/ssg.coop\/es\/wp-json\/wp\/v2\/comments?post=15810"}],"version-history":[{"count":7,"href":"https:\/\/ssg.coop\/es\/wp-json\/wp\/v2\/pages\/15810\/revisions"}],"predecessor-version":[{"id":16759,"href":"https:\/\/ssg.coop\/es\/wp-json\/wp\/v2\/pages\/15810\/revisions\/16759"}],"wp:featuredmedia":[{"embeddable":true,"href":"https:\/\/ssg.coop\/es\/wp-json\/wp\/v2\/media\/13176"}],"wp:attachment":[{"href":"https:\/\/ssg.coop\/es\/wp-json\/wp\/v2\/media?parent=15810"}],"curies":[{"name":"wp","href":"https:\/\/api.w.org\/{rel}","templated":true}]}}