{"id":15788,"date":"2024-03-19T00:18:52","date_gmt":"2024-03-19T07:18:52","guid":{"rendered":"https:\/\/ssg.coop\/acerca-de-nosotros\/"},"modified":"2025-08-14T09:45:32","modified_gmt":"2025-08-14T16:45:32","slug":"acerca-de-nosotros","status":"publish","type":"page","link":"https:\/\/ssg.coop\/es\/acerca-de-nosotros\/","title":{"rendered":"Acerca de nosotros"},"content":{"rendered":"\n<div class=\"wp-block-group is-layout-constrained wp-block-group-is-layout-constrained\"><h1 class=\"wp-block-post-title\">Acerca de nosotros<\/h1>\n\n<div  class=\"ssg-spacer h-8 xl:h-16 \"><\/div>\n\n\n\n<div class=\"wp-block-group ssg-one-column-intro is-layout-constrained wp-block-group-is-layout-constrained\">\n<div class=\"wp-block-columns is-layout-flex wp-container-core-columns-is-layout-9d6595d7 wp-block-columns-is-layout-flex\">\n<div class=\"wp-block-column pl-2 xl:pl-4 border-l-solid border-l-foreground border-l dark:border-l-background is-layout-flow wp-block-column-is-layout-flow\">\n<p class=\"text-3xl xl:text-h3 leading-h4 xl:leading-h3 has-ssg-4-xl-font-size\">SSG es una empresa de planificaci\u00f3n de acci\u00f3n clim\u00e1tica que ha sido premiada por su labor. SSG se dedica a crear un mundo descarbonizado en donde las personas y los ecosistemas puedan desarrollarse. <\/p>\n<\/div>\n\n\n\n<div class=\"wp-block-column is-layout-flow wp-block-column-is-layout-flow\"><\/div>\n<\/div>\n<\/div>\n<\/div>\n\n\n<div  class=\"ssg-spacer h-8 xl:h-16 \"><\/div>\n\n\n\n<section class=\"wp-block-group ssg-two-column-text-image is-layout-constrained wp-block-group-is-layout-constrained\">\n<div class=\"wp-block-columns gap-4 xl:gap-8 is-layout-flex wp-container-core-columns-is-layout-9d6595d7 wp-block-columns-is-layout-flex\">\n<div class=\"wp-block-column p-8 rounded-xl has-ssg-grey-100-background-color has-background is-layout-flow wp-block-column-is-layout-flow\" style=\"flex-basis:50vw\">\n<h2 class=\"wp-block-heading\">Ayudamos a tomadores de decisiones a construir comunidades descarbonizadas, equitativas y resilientes.<\/h2>\n\n\n\n<p class=\"font-classic has-ssg-4-xl-font-size\">Trabajamos con municipios, gobiernos regionales y provinciales, grandes organizaciones e instituciones de educaci\u00f3n superior en todo el continente americano para impulsar acciones clim\u00e1ticas que reduzcan desigualdades, generen oportunidades econ\u00f3micas y mejoren la calidad de vida.<\/p>\n<\/div>\n\n\n\n<div class=\"wp-block-column is-layout-flow wp-block-column-is-layout-flow\" style=\"flex-basis:50vw\">\n<figure class=\"wp-block-image size-full is-style-rounded\"><img loading=\"lazy\" decoding=\"async\" width=\"3508\" height=\"2481\" src=\"https:\/\/ssg.coop\/wp-content\/uploads\/2024\/09\/rebranding-patterns-and-colours-2.png\" alt=\"\" class=\"wp-image-13692\" style=\"aspect-ratio:1;object-fit:cover\" srcset=\"https:\/\/ssg.coop\/wp-content\/uploads\/2024\/09\/rebranding-patterns-and-colours-2.png 3508w, https:\/\/ssg.coop\/wp-content\/uploads\/2024\/09\/rebranding-patterns-and-colours-2-300x212.png 300w, https:\/\/ssg.coop\/wp-content\/uploads\/2024\/09\/rebranding-patterns-and-colours-2-1024x724.png 1024w, https:\/\/ssg.coop\/wp-content\/uploads\/2024\/09\/rebranding-patterns-and-colours-2-768x543.png 768w, https:\/\/ssg.coop\/wp-content\/uploads\/2024\/09\/rebranding-patterns-and-colours-2-1536x1086.png 1536w, https:\/\/ssg.coop\/wp-content\/uploads\/2024\/09\/rebranding-patterns-and-colours-2-2048x1448.png 2048w\" sizes=\"auto, (max-width: 3508px) 100vw, 3508px\" \/><\/figure>\n<\/div>\n<\/div>\n<\/section>\n\n\n<div  class=\"ssg-spacer h-16 xl:h-24 \"><\/div>\n\n\n\n<div class=\"wp-block-group ssg-two-column-heading-text is-layout-constrained wp-block-group-is-layout-constrained\">\n<div class=\"wp-block-columns is-layout-flex wp-container-core-columns-is-layout-9d6595d7 wp-block-columns-is-layout-flex\">\n<div class=\"wp-block-column !mb-4 xl:!mb-0 pl-2 xl:pl-4 border-l-solid border-l-foreground border-l dark:border-l-background is-layout-flow wp-block-column-is-layout-flow\" style=\"flex-basis:33%\">\n<h2 class=\"wp-block-heading m-0\">\u00bfQui\u00e9nes somos?<\/h2>\n<\/div>\n\n\n\n<div class=\"wp-block-column is-layout-constrained wp-block-column-is-layout-constrained\">\n<div class=\"wp-block-group pl-2 xl:pl-4 border-l-solid border-l-foreground border-l dark:border-l-background is-layout-flow wp-block-group-is-layout-flow\">\n<p class=\"has-ssg-4-xl-font-size\">Somos una cooperativa de trabajadores con m\u00e1s de 30 socios y empleados. La combinaci\u00f3n de disciplinas, personalidades, culturas y experiencias diversas nos permite preparar a nuestros clientes para liderar e implementar acciones clim\u00e1ticas. <\/p>\n<\/div>\n<\/div>\n<\/div>\n<\/div>\n\n\n<div  class=\"ssg-spacer h-16 xl:h-24 \"><\/div>\n\n\n\n<section class=\"wp-block-group ssg-large-image-links is-layout-constrained wp-block-group-is-layout-constrained\">\n<div class=\"wp-block-columns gap-4 xl:gap-8 is-layout-flex wp-container-core-columns-is-layout-9d6595d7 wp-block-columns-is-layout-flex\">\n<div class=\"wp-block-column is-layout-flow wp-block-column-is-layout-flow\" style=\"flex-basis:50vw\">\n<div class=\"wp-block-cover is-light flex flex-col justify-end p-8 xl:p-16 rounded-xl border-foreground border-solid border dark:border-background\"><img loading=\"lazy\" decoding=\"async\" width=\"5334\" height=\"3334\" class=\"wp-block-cover__image-background wp-image-13705\" alt=\"\" src=\"https:\/\/ssg.coop\/wp-content\/uploads\/2024\/09\/servicespattern-1.png\" data-object-fit=\"cover\" srcset=\"https:\/\/ssg.coop\/wp-content\/uploads\/2024\/09\/servicespattern-1.png 5334w, https:\/\/ssg.coop\/wp-content\/uploads\/2024\/09\/servicespattern-1-300x188.png 300w, https:\/\/ssg.coop\/wp-content\/uploads\/2024\/09\/servicespattern-1-1024x640.png 1024w, https:\/\/ssg.coop\/wp-content\/uploads\/2024\/09\/servicespattern-1-768x480.png 768w, https:\/\/ssg.coop\/wp-content\/uploads\/2024\/09\/servicespattern-1-1536x960.png 1536w, https:\/\/ssg.coop\/wp-content\/uploads\/2024\/09\/servicespattern-1-2048x1280.png 2048w\" sizes=\"auto, (max-width: 5334px) 100vw, 5334px\" \/><span aria-hidden=\"true\" class=\"wp-block-cover__background has-ssg-grey-100-background-color has-background-dim-0 has-background-dim\"><\/span><div class=\"wp-block-cover__inner-container is-layout-constrained wp-block-cover-is-layout-constrained\">\n<hr class=\"wp-block-separator has-text-color has-foreground-color has-alpha-channel-opacity has-foreground-background-color has-background mb-4\"\/>\n\n\n\n<div class=\"wp-block-columns is-not-stacked-on-mobile is-layout-flex wp-container-core-columns-is-layout-9d6595d7 wp-block-columns-is-layout-flex\">\n<div class=\"wp-block-column is-vertically-aligned-center is-layout-flow wp-block-column-is-layout-flow\" style=\"flex-basis:66.66%\">\n<p class=\"has-text-align-left mt-6 has-ssg-7-xl-font-size\"><a href=\"https:\/\/ssg.coop\/es\/conoce-a-nuestro-equipo\/\" title=\"Equipo\">Nuestro equipo<\/a><\/p>\n<\/div>\n\n\n\n<div class=\"wp-block-column is-vertically-aligned-center is-layout-flow wp-block-column-is-layout-flow\" style=\"flex-basis:33.33%\">\n<p class=\"has-text-align-right pt-2 has-ssg-4-xl-font-size\"><a href=\"https:\/\/ssg.coop\/es\/conoce-a-nuestro-equipo\/\" title=\"Nuestro equipo\">-&gt;<\/a><\/p>\n<\/div>\n<\/div>\n\n\n\n<hr class=\"wp-block-separator has-text-color has-foreground-color has-alpha-channel-opacity has-foreground-background-color has-background mt-4\"\/>\n<\/div><\/div>\n<\/div>\n\n\n\n<div class=\"wp-block-column is-layout-flow wp-block-column-is-layout-flow\" style=\"flex-basis:50vw\">\n<div class=\"wp-block-cover is-light flex flex-col justify-end p-8 xl:p-16 rounded-xl border-foreground border-solid border dark:border-background\"><img loading=\"lazy\" decoding=\"async\" width=\"5334\" height=\"3334\" class=\"wp-block-cover__image-background wp-image-13705\" alt=\"\" src=\"https:\/\/ssg.coop\/wp-content\/uploads\/2024\/09\/servicespattern-1.png\" data-object-fit=\"cover\" srcset=\"https:\/\/ssg.coop\/wp-content\/uploads\/2024\/09\/servicespattern-1.png 5334w, https:\/\/ssg.coop\/wp-content\/uploads\/2024\/09\/servicespattern-1-300x188.png 300w, https:\/\/ssg.coop\/wp-content\/uploads\/2024\/09\/servicespattern-1-1024x640.png 1024w, https:\/\/ssg.coop\/wp-content\/uploads\/2024\/09\/servicespattern-1-768x480.png 768w, https:\/\/ssg.coop\/wp-content\/uploads\/2024\/09\/servicespattern-1-1536x960.png 1536w, https:\/\/ssg.coop\/wp-content\/uploads\/2024\/09\/servicespattern-1-2048x1280.png 2048w\" sizes=\"auto, (max-width: 5334px) 100vw, 5334px\" \/><span aria-hidden=\"true\" class=\"wp-block-cover__background has-ssg-grey-100-background-color has-background-dim-0 has-background-dim\"><\/span><div class=\"wp-block-cover__inner-container is-layout-constrained wp-block-cover-is-layout-constrained\">\n<hr class=\"wp-block-separator has-text-color has-foreground-color has-alpha-channel-opacity has-foreground-background-color has-background mb-4\"\/>\n\n\n\n<div class=\"wp-block-columns is-not-stacked-on-mobile is-layout-flex wp-container-core-columns-is-layout-9d6595d7 wp-block-columns-is-layout-flex\">\n<div class=\"wp-block-column is-vertically-aligned-center is-layout-flow wp-block-column-is-layout-flow\" style=\"flex-basis:66.66%\">\n<p class=\"has-text-align-left mt-6 has-ssg-7-xl-font-size\"><a href=\"https:\/\/ssg.coop\/es\/unete-a-nuestro-equipo\/\" title=\"Empleos\">Empleos<\/a><\/p>\n<\/div>\n\n\n\n<div class=\"wp-block-column is-vertically-aligned-center is-layout-flow wp-block-column-is-layout-flow\" style=\"flex-basis:33.33%\">\n<p class=\"has-text-align-right has-ssg-4-xl-font-size\"><a href=\"https:\/\/ssg.coop\/es\/conoce-a-nuestro-equipo\/\" title=\"Nuestro equipo\">-&gt;<\/a><\/p>\n<\/div>\n<\/div>\n\n\n\n<hr class=\"wp-block-separator has-text-color has-foreground-color has-alpha-channel-opacity has-foreground-background-color has-background mt-4\"\/>\n<\/div><\/div>\n<\/div>\n<\/div>\n<\/section>\n\n\n<div  class=\"ssg-spacer h-16 xl:h-24 \"><\/div>\n\n\n\n<div class=\"wp-block-group ssg-two-column-heading-text is-layout-constrained wp-block-group-is-layout-constrained\">\n<div class=\"wp-block-columns is-layout-flex wp-container-core-columns-is-layout-9d6595d7 wp-block-columns-is-layout-flex\">\n<div class=\"wp-block-column !mb-4 xl:!mb-0 pl-2 xl:pl-4 border-l-solid border-l-foreground border-l dark:border-l-background is-layout-flow wp-block-column-is-layout-flow\" style=\"flex-basis:40%\">\n<h2 class=\"wp-block-heading m-0\">La cooperativa<\/h2>\n<\/div>\n\n\n\n<div class=\"wp-block-column is-layout-constrained wp-block-column-is-layout-constrained\">\n<div class=\"wp-block-group pl-2 xl:pl-4 border-l-solid border-l-foreground border-l dark:border-l-background is-layout-flow wp-block-group-is-layout-flow\">\n<p class=\"has-ssg-4-xl-font-size\">Arraigados en el reconocimiento de que solo un cambio sist\u00e9mico se necesita para abordar el mayor desaf\u00edo de nuestro tiempo, nuestros fundadores crearon SSG como una cooperativa de trabajadores en el a\u00f1o 2001.<\/p>\n<\/div>\n<\/div>\n<\/div>\n<\/div>\n\n\n<div  class=\"ssg-spacer h-16 xl:h-24 \"><\/div>\n\n\n\n<section class=\"wp-block-group ssg-two-column-text-image is-layout-constrained wp-block-group-is-layout-constrained\">\n<div class=\"wp-block-columns gap-4 xl:gap-8 p-0 has-ssg-yellow-background-color has-background is-layout-flex wp-container-core-columns-is-layout-9d6595d7 wp-block-columns-is-layout-flex\">\n<div class=\"wp-block-column p-8 rounded-xl is-layout-flow wp-block-column-is-layout-flow\" style=\"flex-basis:50%\">\n<p class=\"has-ssg-4-xl-font-size\">Nuestra organizaci\u00f3n prioriza ofrecer trabajo significativo a sus miembros, rechazando la l\u00f3gica del crecimiento econ\u00f3mico infinito que alimenta la crisis clim\u00e1tica.<\/p>\n\n\n\n<p class=\"font-classic has-ssg-4-xl-font-size\">Creemos que la toma de decisiones democr\u00e1tica, la participaci\u00f3n justa y un entorno laboral basado en el cuidado son fundamentales para construir soluciones equitativas frente a la crisis clim\u00e1tica.<\/p>\n<\/div>\n\n\n\n<div class=\"wp-block-column is-layout-flow wp-block-column-is-layout-flow\" style=\"flex-basis:50%\">\n<figure class=\"wp-block-image size-full\"><img loading=\"lazy\" decoding=\"async\" width=\"3375\" height=\"3378\" src=\"https:\/\/ssg.coop\/wp-content\/uploads\/2024\/10\/project-image.png\" alt=\"\" class=\"wp-image-14571\" srcset=\"https:\/\/ssg.coop\/wp-content\/uploads\/2024\/10\/project-image.png 3375w, https:\/\/ssg.coop\/wp-content\/uploads\/2024\/10\/project-image-300x300.png 300w, https:\/\/ssg.coop\/wp-content\/uploads\/2024\/10\/project-image-1024x1024.png 1024w, https:\/\/ssg.coop\/wp-content\/uploads\/2024\/10\/project-image-150x150.png 150w, https:\/\/ssg.coop\/wp-content\/uploads\/2024\/10\/project-image-768x769.png 768w, https:\/\/ssg.coop\/wp-content\/uploads\/2024\/10\/project-image-1536x1536.png 1536w, https:\/\/ssg.coop\/wp-content\/uploads\/2024\/10\/project-image-2046x2048.png 2046w, https:\/\/ssg.coop\/wp-content\/uploads\/2024\/10\/project-image-56x56.png 56w, https:\/\/ssg.coop\/wp-content\/uploads\/2024\/10\/project-image-500x500.png 500w\" sizes=\"auto, (max-width: 3375px) 100vw, 3375px\" \/><\/figure>\n<\/div>\n<\/div>\n<\/section>\n\n\n<div  class=\"ssg-spacer h-16 xl:h-32 \"><\/div>\n\n\n\n<div class=\"wp-block-group ssg-two-column-heading-text is-layout-constrained wp-block-group-is-layout-constrained\">\n<div class=\"wp-block-columns is-layout-flex wp-container-core-columns-is-layout-9d6595d7 wp-block-columns-is-layout-flex\">\n<div class=\"wp-block-column !mb-4 xl:!mb-0 pl-2 xl:pl-4 border-l-solid border-l-foreground border-l dark:border-l-background is-layout-flow wp-block-column-is-layout-flow\" style=\"flex-basis:40%\">\n<h2 class=\"wp-block-heading m-0\">Justicia social y ambiental<\/h2>\n<\/div>\n\n\n\n<div class=\"wp-block-column is-layout-constrained wp-block-column-is-layout-constrained\">\n<div class=\"wp-block-group pl-2 xl:pl-4 border-l-solid border-l-foreground border-l dark:border-l-background is-layout-flow wp-block-group-is-layout-flow\">\n<p class=\"has-ssg-4-xl-font-size\">Nos dedicamos a integrar la justicia social y ambiental a trav\u00e9s de nuestro trabajo y en nuestras propias operaciones.<\/p>\n<\/div>\n<\/div>\n<\/div>\n<\/div>\n\n\n<div  class=\"ssg-spacer h-16 xl:h-32 \"><\/div>\n\n\n\n<section class=\"wp-block-group ssg-offset-two-column-text-image is-layout-constrained wp-block-group-is-layout-constrained\">\n<div class=\"wp-block-columns gap-8 is-layout-flex wp-container-core-columns-is-layout-9d6595d7 wp-block-columns-is-layout-flex\">\n<div class=\"wp-block-column is-layout-flow wp-block-column-is-layout-flow\">\n<p class=\"has-ssg-4-xl-font-size\">Publicamos muchos de nuestros informes bajo una licencia Creative Commons y nuestras herramientas son de c\u00f3digo abierto.<\/p>\n\n\n\n<p class=\"has-ssg-4-xl-font-size\">Seleccionamos proyectos que desaf\u00edan el statu quo y que contribuyen al avance del conocimiento y la acci\u00f3n frente al cambio clim\u00e1tico.<\/p>\n\n\n\n<p class=\"has-ssg-4-xl-font-size\">Estamos comprometidos con mantener un entorno laboral profesional, en el que se reconozca el valor de cada persona del equipo, se garanticen los mismos derechos y oportunidades para todos, y se promueva activamente una cultura antidiscriminatoria de forma sostenida y significativa.<\/p>\n<\/div>\n\n\n\n<div class=\"wp-block-column flex flex-col justify-end pt-8 xl:pt-0 is-layout-flow wp-block-column-is-layout-flow\">\n<div aria-hidden=\"true\" class=\"wp-block-fsb-flexible-spacer fsb-flexible-spacer\"><div class=\"fsb-flexible-spacer__device fsb-flexible-spacer__device--lg\" style=\"height:200px\"><\/div><div class=\"fsb-flexible-spacer__device fsb-flexible-spacer__device--md\" style=\"height:0px\"><\/div><div class=\"fsb-flexible-spacer__device fsb-flexible-spacer__device--sm\" style=\"height:0px\"><\/div><\/div>\n\n\n\n<figure class=\"wp-block-image size-full is-style-rounded\"><img loading=\"lazy\" decoding=\"async\" width=\"3406\" height=\"3333\" src=\"https:\/\/ssg.coop\/wp-content\/uploads\/2024\/10\/U_Albany_AdobeStock_258735144-1-e1728931246944.png\" alt=\"\" class=\"wp-image-14569\" style=\"aspect-ratio:1;object-fit:cover\" srcset=\"https:\/\/ssg.coop\/wp-content\/uploads\/2024\/10\/U_Albany_AdobeStock_258735144-1-e1728931246944.png 3406w, https:\/\/ssg.coop\/wp-content\/uploads\/2024\/10\/U_Albany_AdobeStock_258735144-1-e1728931246944-300x294.png 300w, https:\/\/ssg.coop\/wp-content\/uploads\/2024\/10\/U_Albany_AdobeStock_258735144-1-e1728931246944-1024x1002.png 1024w, https:\/\/ssg.coop\/wp-content\/uploads\/2024\/10\/U_Albany_AdobeStock_258735144-1-e1728931246944-768x752.png 768w, https:\/\/ssg.coop\/wp-content\/uploads\/2024\/10\/U_Albany_AdobeStock_258735144-1-e1728931246944-1536x1503.png 1536w, https:\/\/ssg.coop\/wp-content\/uploads\/2024\/10\/U_Albany_AdobeStock_258735144-1-e1728931246944-2048x2004.png 2048w, https:\/\/ssg.coop\/wp-content\/uploads\/2024\/10\/U_Albany_AdobeStock_258735144-1-e1728931246944-56x56.png 56w\" sizes=\"auto, (max-width: 3406px) 100vw, 3406px\" \/><\/figure>\n<\/div>\n<\/div>\n<\/section>\n\n\n<div  class=\"ssg-spacer h-16 xl:h-32 \"><\/div>\n\n\n\n<div class=\"wp-block-group ssg-two-column-heading-text is-layout-constrained wp-block-group-is-layout-constrained\">\n<div class=\"wp-block-columns is-layout-flex wp-container-core-columns-is-layout-9d6595d7 wp-block-columns-is-layout-flex\">\n<div class=\"wp-block-column !mb-4 xl:!mb-0 pl-2 xl:pl-4 border-l-solid border-l-foreground border-l dark:border-l-background is-layout-flow wp-block-column-is-layout-flow\" style=\"flex-basis:40%\">\n<h2 class=\"wp-block-heading m-0\">Sustentabilidad<\/h2>\n<\/div>\n\n\n\n<div class=\"wp-block-column is-layout-constrained wp-block-column-is-layout-constrained\">\n<div class=\"wp-block-group pl-2 xl:pl-4 border-l-solid border-l-foreground border-l dark:border-l-background is-layout-flow wp-block-group-is-layout-flow\">\n<p class=\"has-ssg-4-xl-font-size\">La sustentabilidad es uno de los pilares de SSG y orienta todo nuestro trabajo. Invertimos un esfuerzo considerable para integrar en nuestra organizaci\u00f3n las pr\u00e1cticas y pol\u00edticas de sustentabilidad m\u00e1s avanzadas. <\/p>\n<\/div>\n<\/div>\n<\/div>\n<\/div>\n\n\n<div  class=\"ssg-spacer h-16 xl:h-48 \"><\/div>\n\n\n\n<div class=\"wp-block-group ssg-two-column-heading-text is-layout-constrained wp-block-group-is-layout-constrained\">\n<div class=\"wp-block-columns is-layout-flex wp-container-core-columns-is-layout-9d6595d7 wp-block-columns-is-layout-flex\">\n<div class=\"wp-block-column !mb-4 xl:!mb-0 pl-2 xl:pl-4 border-l-solid border-l-foreground border-l dark:border-l-background is-layout-flow wp-block-column-is-layout-flow\" style=\"flex-basis:40%\">\n<h2 class=\"wp-block-heading m-0\">Cont\u00e1ctanos<\/h2>\n<\/div>\n\n\n\n<div class=\"wp-block-column is-layout-constrained wp-block-column-is-layout-constrained\">\n<div class=\"wp-block-group pl-2 xl:pl-4 border-l-solid border-l-foreground border-l dark:border-l-background is-layout-flow wp-block-group-is-layout-flow\">\n<p class=\"has-ssg-4-xl-font-size\">\u00bfTienes preguntas sobre c\u00f3mo nuestra cooperativa puede ayudar a tu organizaci\u00f3n o comunidad en la transici\u00f3n hacia un futuro descarbonizado, justo y resiliente? <\/p>\n<\/div>\n\n\n<div  class=\"ssg-spacer h-4 xl:h-8 \"><\/div>\n\n\n\n<div class=\"wp-block-buttons is-layout-flex wp-block-buttons-is-layout-flex\">\n<div class=\"wp-block-button\"><a class=\"wp-block-button__link wp-element-button\" href=\"#contact-form\" rel=\" nofollow\">Comun\u00edcate con nosotros<\/a><\/div>\n<\/div>\n<\/div>\n<\/div>\n<\/div>\n\n\n<div  class=\"ssg-spacer h-16 xl:h-24 \"><\/div>\n","protected":false},"excerpt":{"rendered":"<p>SSG es una empresa de planificaci\u00f3n de acci\u00f3n clim\u00e1tica que ha sido premiada por su labor. SSG se dedica a crear un mundo descarbonizado en donde las personas y los ecosistemas puedan desarrollarse. Ayudamos a tomadores de decisiones a construir comunidades descarbonizadas, equitativas y resilientes. Trabajamos con municipios, gobiernos regionales y provinciales, grandes organizaciones e<a href=\"https:\/\/ssg.coop\/es\/acerca-de-nosotros\/\">Sigue leyendo <span class=\"sr-only\">\u00abAcerca de nosotros\u00bb<\/span><\/a><\/p>\n","protected":false},"author":1,"featured_media":17440,"parent":0,"menu_order":1,"comment_status":"closed","ping_status":"closed","template":"","meta":{"_acf_changed":false,"om_disable_all_campaigns":false,"inline_featured_image":false,"_monsterinsights_skip_tracking":false,"_monsterinsights_sitenote_active":false,"_monsterinsights_sitenote_note":"","_monsterinsights_sitenote_category":0,"footnotes":""},"class_list":["post-15788","page","type-page","status-publish","has-post-thumbnail","hentry"],"acf":[],"aioseo_notices":[],"_links":{"self":[{"href":"https:\/\/ssg.coop\/es\/wp-json\/wp\/v2\/pages\/15788","targetHints":{"allow":["GET"]}}],"collection":[{"href":"https:\/\/ssg.coop\/es\/wp-json\/wp\/v2\/pages"}],"about":[{"href":"https:\/\/ssg.coop\/es\/wp-json\/wp\/v2\/types\/page"}],"author":[{"embeddable":true,"href":"https:\/\/ssg.coop\/es\/wp-json\/wp\/v2\/users\/1"}],"replies":[{"embeddable":true,"href":"https:\/\/ssg.coop\/es\/wp-json\/wp\/v2\/comments?post=15788"}],"version-history":[{"count":9,"href":"https:\/\/ssg.coop\/es\/wp-json\/wp\/v2\/pages\/15788\/revisions"}],"predecessor-version":[{"id":17113,"href":"https:\/\/ssg.coop\/es\/wp-json\/wp\/v2\/pages\/15788\/revisions\/17113"}],"wp:featuredmedia":[{"embeddable":true,"href":"https:\/\/ssg.coop\/es\/wp-json\/wp\/v2\/media\/17440"}],"wp:attachment":[{"href":"https:\/\/ssg.coop\/es\/wp-json\/wp\/v2\/media?parent=15788"}],"curies":[{"name":"wp","href":"https:\/\/api.w.org\/{rel}","templated":true}]}}